{"id":950,"date":"2024-04-22T04:36:53","date_gmt":"2024-04-22T03:36:53","guid":{"rendered":"https:\/\/skalaview.com\/?page_id=950"},"modified":"2024-08-11T14:54:53","modified_gmt":"2024-08-11T07:54:53","slug":"home","status":"publish","type":"page","link":"https:\/\/www.skalaview.com\/vi\/","title":{"rendered":"Skalaview"},"content":{"rendered":"<div class=\"wp-block-cover alignfull is-light\" style=\"margin-bottom:0px;padding-top:100px;padding-bottom:100px\"><span aria-hidden=\"true\" class=\"wp-block-cover__background has-ast-global-color-5-background-color has-background-dim-0 has-background-dim\"><\/span><img fetchpriority=\"high\" decoding=\"async\" width=\"1440\" height=\"719\" class=\"wp-block-cover__image-background wp-image-1716\" alt=\"\" src=\"https:\/\/skalaview.com\/wp-content\/uploads\/2024\/05\/Hero-section.png\" data-object-fit=\"cover\" srcset=\"https:\/\/www.skalaview.com\/wp-content\/uploads\/2024\/05\/Hero-section.png 1440w, https:\/\/www.skalaview.com\/wp-content\/uploads\/2024\/05\/Hero-section-300x150.png 300w, https:\/\/www.skalaview.com\/wp-content\/uploads\/2024\/05\/Hero-section-1024x511.png 1024w, https:\/\/www.skalaview.com\/wp-content\/uploads\/2024\/05\/Hero-section-768x383.png 768w, https:\/\/www.skalaview.com\/wp-content\/uploads\/2024\/05\/Hero-section-18x9.png 18w\" sizes=\"(max-width: 1440px) 100vw, 1440px\" \/><div class=\"wp-block-cover__inner-container is-layout-constrained wp-container-core-cover-is-layout-d0384d44 wp-block-cover-is-layout-constrained\">\n<div class=\"wp-block-columns alignfull is-layout-flex wp-container-core-columns-is-layout-86c94f9a wp-block-columns-is-layout-flex\" style=\"margin-top:0px;margin-bottom:0px\">\n<div class=\"wp-block-column is-layout-flow wp-container-core-column-is-layout-7fea69c4 wp-block-column-is-layout-flow\" style=\"flex-basis:60%\">\n<div class=\"wp-block-group is-layout-flow wp-container-core-group-is-layout-d6743c7d wp-block-group-is-layout-flow\">\n<h1 class=\"wp-block-heading sk-section-1-title\"><span>C\u00e1ch m\u1ea1ng h\u00f3a<\/span> <em class=\"gradient-text-color\">Digital Marketing<\/em> <span>v\u1edbi AI<\/span><\/h1>\n<\/div>\n\n\n\n<p class=\"sk-section-1-content\">Ch\u00e0o m\u1eebng b\u1ea1n \u0111\u1ebfn v\u1edbi Skalaview, c\u00f4ng ty cung c\u1ea5p d\u1ecbch v\u1ee5 digital marketing v\u00e0 e-commerce chuy\u00ean nghi\u1ec7p h\u00e0ng \u0111\u1ea7u hi\u1ec7n nay. M\u1ee5c \u0111\u00edch ch\u00ednh c\u1ee7a ch\u00fang t\u00f4i l\u00e0 c\u00e1ch m\u1ea1ng h\u00f3a c\u00e1ch th\u01b0\u01a1ng hi\u1ec7u t\u01b0\u01a1ng t\u00e1c v\u1edbi kh\u00e1ch h\u00e0ng c\u1ee7a h\u1ecd, t\u1eadn d\u1ee5ng ti\u1ec1m n\u0103ng kh\u00f4ng gi\u1edbi h\u1ea1n c\u1ee7a tr\u00ed tu\u1ec7 nh\u00e2n t\u1ea1o \u0111\u1ec3 ph\u00e1t tri\u1ec3n c\u00e1c chi\u1ebfn l\u01b0\u1ee3c ti\u1ebfp th\u1ecb hi\u1ec7u qu\u1ea3, tr\u1ef1c quan v\u00e0 linh ho\u1ea1t.<\/p>\n<\/div>\n\n\n\n<div class=\"wp-block-column is-vertically-aligned-center is-layout-flow wp-block-column-is-layout-flow\" style=\"flex-basis:40%\">\n<figure class=\"wp-block-image aligncenter size-full\"><img decoding=\"async\" width=\"348\" height=\"349\" src=\"https:\/\/www.skalaview.com\/wp-content\/uploads\/2024\/08\/home_robot_with_phone_and_laptop_en.png\" alt=\"\" class=\"wp-image-2163\" srcset=\"https:\/\/www.skalaview.com\/wp-content\/uploads\/2024\/08\/home_robot_with_phone_and_laptop_en.png 348w, https:\/\/www.skalaview.com\/wp-content\/uploads\/2024\/08\/home_robot_with_phone_and_laptop_en-300x300.png 300w, https:\/\/www.skalaview.com\/wp-content\/uploads\/2024\/08\/home_robot_with_phone_and_laptop_en-150x150.png 150w, https:\/\/www.skalaview.com\/wp-content\/uploads\/2024\/08\/home_robot_with_phone_and_laptop_en-12x12.png 12w\" sizes=\"(max-width: 348px) 100vw, 348px\" \/><\/figure>\n<\/div>\n<\/div>\n<\/div><\/div>\n\n\n\n<div class=\"wp-block-cover alignfull\" style=\"margin-bottom:0px;padding-top:100px;padding-right:25px;padding-bottom:100px;padding-left:25px\"><span aria-hidden=\"true\" class=\"wp-block-cover__background has-background-dim-100 has-background-dim\" style=\"background-color:#0a0444\"><\/span><div class=\"wp-block-cover__inner-container is-layout-flow wp-block-cover-is-layout-flow\">\n<div class=\"wp-block-columns alignfull space-between is-layout-flex wp-container-core-columns-is-layout-28f84493 wp-block-columns-is-layout-flex\">\n<div class=\"wp-block-column is-vertically-aligned-center align-item-right is-layout-flow wp-block-column-is-layout-flow\" style=\"flex-basis:50%\">\n<div class=\"wp-block-columns is-layout-flex wp-container-core-columns-is-layout-28f84493 wp-block-columns-is-layout-flex\">\n<div class=\"wp-block-column ai-powered-solution-item is-layout-flow wp-block-column-is-layout-flow\" style=\"flex-basis:50%\">\n<div class=\"wp-block-columns alignfull is-not-stacked-on-mobile is-layout-flex wp-container-core-columns-is-layout-28f84493 wp-block-columns-is-layout-flex\">\n<div class=\"wp-block-column is-vertically-aligned-center is-layout-flow wp-block-column-is-layout-flow\" style=\"flex-basis:33.33%\">\n<figure class=\"wp-block-image aligncenter size-full is-resized is-style-rounded\"><img decoding=\"async\" width=\"180\" height=\"180\" src=\"https:\/\/skalaview.com\/wp-content\/uploads\/2024\/04\/Customized-marketing-solutions.png\" alt=\"\" class=\"wp-image-1474\" style=\"object-fit:cover;width:70px;height:70px\" srcset=\"https:\/\/www.skalaview.com\/wp-content\/uploads\/2024\/04\/Customized-marketing-solutions.png 180w, https:\/\/www.skalaview.com\/wp-content\/uploads\/2024\/04\/Customized-marketing-solutions-150x150.png 150w, https:\/\/www.skalaview.com\/wp-content\/uploads\/2024\/04\/Customized-marketing-solutions-12x12.png 12w\" sizes=\"(max-width: 180px) 100vw, 180px\" \/><\/figure>\n<\/div>\n\n\n\n<div class=\"wp-block-column is-layout-flow wp-block-column-is-layout-flow\" style=\"flex-basis:66.66%\">\n<h4 class=\"wp-block-heading alignfull sk-text-white\" style=\"font-size:18px\">Cung c\u1ea5p c\u00e1c gi\u1ea3i ph\u00e1p Marketing \u0111\u01b0\u1ee3c thi\u1ebft k\u1ebf ri\u00eang<\/h4>\n\n\n\n<p style=\"font-size:14px\">Ch\u00fang t\u00f4i x\u00e2y d\u1ef1ng k\u1ebf ho\u1ea1ch Marketing ri\u00eang bi\u1ec7t cho t\u1eebng kh\u00e1ch h\u00e0ng, s\u1eed d\u1ee5ng n\u1ec1n t\u1ea3ng tr\u00ed tu\u1ec7 nh\u00e2n t\u1ea1o (AI) \u0111\u1ed9c quy\u1ec1n.<\/p>\n<\/div>\n<\/div>\n<\/div>\n\n\n\n<div class=\"wp-block-column ai-powered-solution-item is-layout-flow wp-block-column-is-layout-flow\" style=\"flex-basis:50%\">\n<div class=\"wp-block-columns alignfull are-vertically-aligned-center is-not-stacked-on-mobile is-layout-flex wp-container-core-columns-is-layout-28f84493 wp-block-columns-is-layout-flex\">\n<div class=\"wp-block-column is-vertically-aligned-center is-layout-flow wp-block-column-is-layout-flow\" style=\"flex-basis:33.33%\">\n<figure class=\"wp-block-image aligncenter size-full is-resized is-style-rounded\"><img loading=\"lazy\" decoding=\"async\" width=\"180\" height=\"180\" src=\"https:\/\/skalaview.com\/wp-content\/uploads\/2024\/04\/Enhancing-brands-digital-presence.png\" alt=\"\" class=\"wp-image-1475\" style=\"object-fit:cover;width:70px;height:70px\" srcset=\"https:\/\/www.skalaview.com\/wp-content\/uploads\/2024\/04\/Enhancing-brands-digital-presence.png 180w, https:\/\/www.skalaview.com\/wp-content\/uploads\/2024\/04\/Enhancing-brands-digital-presence-150x150.png 150w, https:\/\/www.skalaview.com\/wp-content\/uploads\/2024\/04\/Enhancing-brands-digital-presence-12x12.png 12w\" sizes=\"(max-width: 180px) 100vw, 180px\" \/><\/figure>\n<\/div>\n\n\n\n<div class=\"wp-block-column is-vertically-aligned-center is-layout-flow wp-block-column-is-layout-flow\" style=\"flex-basis:66.66%\">\n<h4 class=\"wp-block-heading alignfull sk-text-white\" style=\"font-size:18px\">C\u1ea3i thi\u1ec7n hi\u1ec7n di\u1ec7n s\u1ed1 c\u1ee7a th\u01b0\u01a1ng hi\u1ec7u<\/h4>\n\n\n\n<p style=\"font-size:14px\">Gi\u00fap c\u1ea3i thi\u1ec7n \u0111\u1ed9 nh\u1eadn di\u1ec7n th\u01b0\u01a1ng hi\u1ec7u v\u00e0 c\u00f3 h\u00ecnh \u1ea3nh t\u1ed1t h\u01a1n tr\u00ean m\u00f4i tr\u01b0\u1eddng online.<\/p>\n<\/div>\n<\/div>\n<\/div>\n<\/div>\n\n\n\n<div class=\"wp-block-columns is-layout-flex wp-container-core-columns-is-layout-28f84493 wp-block-columns-is-layout-flex\">\n<div class=\"wp-block-column ai-powered-solution-item is-layout-flow wp-block-column-is-layout-flow\" style=\"flex-basis:50%\">\n<div class=\"wp-block-columns alignfull is-not-stacked-on-mobile is-layout-flex wp-container-core-columns-is-layout-28f84493 wp-block-columns-is-layout-flex\">\n<div class=\"wp-block-column is-vertically-aligned-center is-style-rounded is-layout-flow wp-block-column-is-layout-flow\" style=\"flex-basis:33.33%\">\n<figure class=\"wp-block-image aligncenter size-full is-resized is-style-rounded\"><img loading=\"lazy\" decoding=\"async\" width=\"180\" height=\"180\" src=\"https:\/\/skalaview.com\/wp-content\/uploads\/2024\/04\/Improving-online-visibility.png\" alt=\"\" class=\"wp-image-1476\" style=\"object-fit:cover;width:70px;height:70px\" srcset=\"https:\/\/www.skalaview.com\/wp-content\/uploads\/2024\/04\/Improving-online-visibility.png 180w, https:\/\/www.skalaview.com\/wp-content\/uploads\/2024\/04\/Improving-online-visibility-150x150.png 150w, https:\/\/www.skalaview.com\/wp-content\/uploads\/2024\/04\/Improving-online-visibility-12x12.png 12w\" sizes=\"(max-width: 180px) 100vw, 180px\" \/><\/figure>\n<\/div>\n\n\n\n<div class=\"wp-block-column is-layout-flow wp-block-column-is-layout-flow\" style=\"flex-basis:66.66%\">\n<h4 class=\"wp-block-heading sk-text-white\" style=\"font-size:18px\">C\u1ea3i thi\u1ec7n kh\u1ea3 n\u0103ng hi\u1ec3n th\u1ecb tr\u1ef1c tuy\u1ebfn<\/h4>\n\n\n\n<p style=\"font-size:14px\">Khi\u1ebfn th\u01b0\u01a1ng hi\u1ec7u c\u1ee7a b\u1ea1n d\u1ec5 d\u00e0ng \u0111\u01b0\u1ee3c t\u00ecm th\u1ea5y h\u01a1n tr\u00ean internet.<\/p>\n<\/div>\n<\/div>\n<\/div>\n\n\n\n<div class=\"wp-block-column ai-powered-solution-item is-layout-flow wp-block-column-is-layout-flow\" style=\"flex-basis:50%\">\n<div class=\"wp-block-columns alignfull is-not-stacked-on-mobile is-layout-flex wp-container-core-columns-is-layout-28f84493 wp-block-columns-is-layout-flex\">\n<div class=\"wp-block-column is-vertically-aligned-center is-style-rounded is-layout-flow wp-block-column-is-layout-flow\" style=\"flex-basis:33.33%\">\n<figure class=\"wp-block-image aligncenter size-full is-resized is-style-rounded\"><img loading=\"lazy\" decoding=\"async\" width=\"180\" height=\"180\" src=\"https:\/\/skalaview.com\/wp-content\/uploads\/2024\/04\/Streamlining-sales-processes-and-providing-analytics.png\" alt=\"\" class=\"wp-image-1477\" style=\"object-fit:cover;width:70px;height:70px\" srcset=\"https:\/\/www.skalaview.com\/wp-content\/uploads\/2024\/04\/Streamlining-sales-processes-and-providing-analytics.png 180w, https:\/\/www.skalaview.com\/wp-content\/uploads\/2024\/04\/Streamlining-sales-processes-and-providing-analytics-150x150.png 150w, https:\/\/www.skalaview.com\/wp-content\/uploads\/2024\/04\/Streamlining-sales-processes-and-providing-analytics-12x12.png 12w\" sizes=\"(max-width: 180px) 100vw, 180px\" \/><\/figure>\n<\/div>\n\n\n\n<div class=\"wp-block-column is-layout-flow wp-block-column-is-layout-flow\" style=\"flex-basis:66.66%\">\n<h4 class=\"wp-block-heading sk-text-white\" style=\"font-size:18px\">T\u1ed1i \u01b0u h\u00f3a qu\u00e1 tr\u00ecnh b\u00e1n h\u00e0ng \u0111\u1ed3ng th\u1eddi cung c\u1ea5p ph\u00e2n t\u00edch d\u1eef li\u1ec7u<\/h4>\n\n\n\n<p style=\"font-size:14px\">B\u00e1n h\u00e0ng th\u00f4ng minh h\u01a1n v\u00e0 hi\u1ec3u r\u00f5 kh\u00e1ch h\u00e0ng c\u1ee7a b\u1ea1n \u0111\u1ec3 gia t\u0103ng doanh s\u1ed1.<\/p>\n<\/div>\n<\/div>\n<\/div>\n<\/div>\n<\/div>\n\n\n\n<div class=\"wp-block-column is-layout-flow wp-block-column-is-layout-flow\" style=\"flex-basis:40%\">\n<h1 class=\"wp-block-heading sk-section-2-title has-white-color has-text-color has-link-color wp-elements-aa8d807deaa0b8e108b2724aca3e8b8d\">Cung c\u1ea5p c\u00e1c gi\u1ea3i ph\u00e1p \u1ee9ng d\u1ee5ng AI<\/h1>\n\n\n\n<p class=\"sk-section-2-content has-ast-global-color-5-color has-text-color has-link-color wp-elements-85f01d351ac4f353c2c5ffbd8429d4c2\">T\u1ea1i Skalaview, ch\u00fang t\u00f4i hi\u1ec3u r\u1eb1ng trong b\u1ed1i c\u1ea3nh s\u1ed1 hi\u1ec7n \u0111\u1ea1i, Marketing kh\u00f4ng ch\u1ec9 \u0111\u01a1n thu\u1ea7n l\u00e0 qu\u1ea3ng b\u00e1. \u0110\u00f3 l\u00e0 vi\u1ec7c x\u00e2y d\u1ef1ng m\u1ed9t h\u1ec7 sinh th\u00e1i n\u01a1i th\u01b0\u01a1ng hi\u1ec7u v\u00e0 kh\u00e1ch h\u00e0ng t\u01b0\u01a1ng t\u00e1c m\u1ed9t c\u00e1ch \u00fd ngh\u0129a v\u00e0 li\u1ec1n m\u1ea1ch. N\u1ec1n t\u1ea3ng AI \u0111\u1ed9c quy\u1ec1n c\u1ee7a ch\u00fang t\u00f4i, \u0111\u01b0\u1ee3c thi\u1ebft k\u1ebf d\u1ef1a tr\u00ean tri\u1ebft l\u00fd n\u00e0y, cung c\u1ea5p c\u00e1c gi\u1ea3i ph\u00e1p t\u00f9y ch\u1ec9nh ph\u00f9 h\u1ee3p v\u1edbi t\u1eebng nhu c\u1ea7u ri\u00eang bi\u1ec7t c\u1ee7a kh\u00e1ch h\u00e0ng.<\/p>\n<\/div>\n<\/div>\n<\/div><\/div>\n\n\n\n<div class=\"wp-block-cover alignfull is-light\" style=\"padding-top:100px;padding-bottom:100px\"><span aria-hidden=\"true\" class=\"wp-block-cover__background has-ast-global-color-5-background-color has-background-dim-0 has-background-dim\"><\/span><img loading=\"lazy\" decoding=\"async\" width=\"1440\" height=\"1386\" class=\"wp-block-cover__image-background wp-image-971\" alt=\"\" src=\"https:\/\/skalaview.com\/wp-content\/uploads\/2024\/04\/Section-1-2.jpg\" style=\"object-position:19% 17%\" data-object-fit=\"cover\" data-object-position=\"19% 17%\" srcset=\"https:\/\/www.skalaview.com\/wp-content\/uploads\/2024\/04\/Section-1-2.jpg 1440w, https:\/\/www.skalaview.com\/wp-content\/uploads\/2024\/04\/Section-1-2-300x289.jpg 300w, https:\/\/www.skalaview.com\/wp-content\/uploads\/2024\/04\/Section-1-2-1024x986.jpg 1024w, https:\/\/www.skalaview.com\/wp-content\/uploads\/2024\/04\/Section-1-2-768x739.jpg 768w, https:\/\/www.skalaview.com\/wp-content\/uploads\/2024\/04\/Section-1-2-12x12.jpg 12w\" sizes=\"(max-width: 1440px) 100vw, 1440px\" \/><div class=\"wp-block-cover__inner-container is-layout-constrained wp-block-cover-is-layout-constrained\">\n<div class=\"wp-block-group is-layout-constrained wp-block-group-is-layout-constrained\">\n<h1 class=\"wp-block-heading sk-section-3-title\">Skalaview - T\u1ed1i \u01b0u h\u00e0nh tr\u00ecnh th\u01b0\u01a1ng m\u1ea1i \u0111i\u1ec7n t\u1eed c\u1ee7a b\u1ea1n<\/h1>\n\n\n\n<p class=\"sk-section-3-content\">B\u1ed9 d\u1ecbch v\u1ee5 to\u00e0n di\u1ec7n c\u1ee7a ch\u00fang t\u00f4i bao g\u1ed3m c\u00e1c gi\u1ea3i ph\u00e1p digital marketing \u0111\u01b0\u1ee3c h\u1ed7 tr\u1ee3 b\u1edfi AI v\u00e0 th\u01b0\u01a1ng m\u1ea1i \u0111i\u1ec7n t\u1eed ti\u00ean ti\u1ebfn, \u0111\u01b0\u1ee3c t\u00edch h\u1ee3p li\u1ec1n m\u1ea1ch v\u1edbi c\u00e1c h\u1ec7 th\u1ed1ng qu\u1ea3n l\u00fd b\u00e1n h\u00e0ng ph\u1ed5 bi\u1ebfn nh\u1ea5t hi\u1ec7n nay. S\u1ef1 t\u00edch h\u1ee3p n\u00e0y kh\u00f4ng ch\u1ec9 n\u00e2ng cao hi\u1ec7u qu\u1ea3 m\u00e0 c\u00f2n th\u00fac \u0111\u1ea9y doanh s\u1ed1 t\u0103ng \u0111\u00e1ng k\u1ec3. \u0110i\u1ec1u khi\u1ebfn cho c\u00e1c tr\u1ee3 l\u00fd AI c\u1ee7a ch\u00fang t\u00f4i tr\u1edf n\u00ean kh\u00e1c bi\u1ec7t so v\u1edbi c\u00e1c \u0111\u1ed1i th\u1ee7 kh\u00e1c tr\u00ean th\u1ecb tr\u01b0\u1eddng n\u1eb1m \u1edf kh\u1ea3 n\u0103ng cung c\u1ea5p tr\u1ee3 gi\u00fap theo th\u1eddi gian th\u1ef1c, \u0111\u01a1n gi\u1ea3n h\u00f3a quy tr\u00ecnh b\u00e1n h\u00e0ng v\u00e0 l\u00e0m cho tr\u1ea3i nghi\u1ec7m d\u1ecbch v\u1ee5 kh\u00e1ch h\u00e0ng c\u1ee7a c\u00f4ng ty b\u1ea1n tr\u1edf n\u00ean phong ph\u00fa h\u01a1n. V\u1edbi kh\u1ea3 n\u0103ng c\u00e1 nh\u00e2n h\u00f3a t\u01b0\u01a1ng t\u00e1c \u0111\u1ed1i v\u1edbi t\u1eebng kh\u00e1ch h\u00e0ng, chatbot c\u1ee7a ch\u00fang t\u00f4i g\u00f3p ph\u1ea7n n\u00e2ng cao tr\u1ea3i nghi\u1ec7m t\u1ed5ng th\u1ec3 c\u1ee7a h\u1ecd, d\u1eabn \u0111\u1ebfn t\u1ef7 l\u1ec7 chuy\u1ec3n \u0111\u1ed5i cao h\u01a1n v\u00e0 c\u1ee7ng c\u1ed1 s\u1ef1 trung th\u00e0nh c\u1ee7a kh\u00e1ch h\u00e0ng \u0111\u1ed1i v\u1edbi th\u01b0\u01a1ng hi\u1ec7u c\u1ee7a b\u1ea1n.<\/p>\n<\/div>\n\n\n\n<div class=\"wp-block-group is-layout-constrained wp-block-group-is-layout-constrained\">\n<h2 class=\"wp-block-heading sk-section-3-subtitle\">Ti\u1ebfp th\u1ecb hi\u1ec7u su\u1ea5t AI<\/h2>\n\n\n\n<p class=\"sk-section-3-content\">Skalaview \u0111\u01b0a b\u1ea1n \u0111\u1ebfn t\u01b0\u01a1ng lai c\u1ee7a Performance Marketing v\u00e0 th\u01b0\u01a1ng m\u1ea1i \u0111i\u1ec7n t\u1eed. Ch\u00fang t\u00f4i kh\u00f4ng ch\u1ec9 l\u00e0 m\u1ed9t n\u1ec1n t\u1ea3ng th\u00f4ng th\u01b0\u1eddng, m\u00e0 l\u00e0 ng\u01b0\u1eddi ti\u00ean phong, ki\u1ebfn t\u1ea1o di\u1ec7n m\u1ea1o m\u1edbi cho l\u0129nh v\u1ef1c k\u1ef9 thu\u1eadt s\u1ed1 d\u00e0nh cho c\u00e1c th\u01b0\u01a1ng hi\u1ec7u b\u00e1n l\u1ebb danh ti\u1ebfng. B\u00ed quy\u1ebft th\u00e0nh c\u00f4ng c\u1ee7a ch\u00fang t\u00f4i? C\u00f4ng ngh\u1ec7 Tr\u00ed tu\u1ec7 nh\u00e2n t\u1ea1o t\u1ea1o sinh (Generative AI - GenAI) t\u1ed1i \u01b0u h\u00f3a m\u1ecdi t\u01b0\u01a1ng t\u00e1c v\u00e0 giao d\u1ecbch, \u0111\u1ea3m b\u1ea3o hi\u1ec7u qu\u1ea3 t\u1ed1i \u0111a cho m\u1ed7i l\u1ea7n truy c\u1eadp. Skalaview kh\u00f4ng ch\u1ec9 theo k\u1ecbp nh\u1eefng th\u00e1ch th\u1ee9c b\u00e1n l\u1ebb theo th\u1eddi cu\u1ed9c, m\u00e0 c\u00f2n d\u1eabn \u0111\u1ea7u xu h\u01b0\u1edbng v\u1edbi c\u00e1c c\u1ea3i ti\u1ebfn d\u1ef1a tr\u00ean AI.<\/p>\n<\/div>\n\n\n\n<div class=\"wp-block-group is-layout-constrained wp-block-group-is-layout-constrained\">\n<h2 class=\"wp-block-heading sk-section-3-subtitle\">Tr\u1ee3 l\u00fd AI<\/h2>\n\n\n\n<p class=\"sk-section-3-content\">Skalaview \u0111i \u0111\u1ea7u trong vi\u1ec7c c\u00e1ch m\u1ea1ng h\u00f3a ho\u1ea1t \u0111\u1ed9ng kinh doanh v\u00e0 d\u1ecbch v\u1ee5 kh\u00e1ch h\u00e0ng tr\u00ean nhi\u1ec1u ng\u00e0nh ngh\u1ec1, bao g\u1ed3m b\u00e1n l\u1ebb, s\u1ee9c kh\u1ecfe v\u00e0 b\u1ea5t \u0111\u1ed9ng s\u1ea3n, b\u1eb1ng c\u00e1ch t\u1eadn d\u1ee5ng s\u1ee9c m\u1ea1nh c\u1ee7a tr\u1ee3 l\u00fd \u1ea3o. H\u1ec7 th\u1ed1ng tr\u1ee3 l\u00fd \u1ea3o c\u1ee7a ch\u00fang t\u00f4i s\u1eed d\u1ee5ng c\u00e1c m\u00f4 h\u00ecnh ng\u00f4n ng\u1eef n\u00e2ng cao v\u00e0 thu\u1eadt to\u00e1n ph\u1ee9c t\u1ea1p \u0111\u1ec3 t\u1ef1 \u0111\u1ed9ng h\u00f3a v\u00e0 c\u1ea3i thi\u1ec7n c\u00e1c ch\u1ee9c n\u0103ng quan tr\u1ecdng nh\u01b0 qu\u1ea3n l\u00fd t\u1ed3n kho theo th\u1eddi gian th\u1ef1c, x\u1eed l\u00fd \u0111\u01a1n h\u00e0ng, \u0111\u1eb7t l\u1ecbch h\u1eb9n v\u00e0 h\u1ed7 tr\u1ee3 kh\u00e1ch h\u00e0ng to\u00e0n di\u1ec7n.<\/p>\n<\/div>\n\n\n\n<div class=\"wp-block-group is-layout-constrained wp-block-group-is-layout-constrained\">\n<h1 class=\"wp-block-heading sk-section-3-title\">Kh\u00f4ng Ch\u1ec9 L\u00e0 \u0110\u1ed1i T\u00e1c, Ch\u00fang T\u00f4i \u0110\u1ed3ng H\u00e0nh C\u00f9ng B\u1ea1n Tr\u00ean Ch\u1eb7ng \u0110\u01b0\u1eddng N\u00e0y<\/h1>\n\n\n\n<p class=\"sk-section-3-content\">H\u1ee3p t\u00e1c v\u1edbi Skalaview kh\u00f4ng ch\u1ec9 l\u00e0 l\u1ef1a ch\u1ecdn nh\u00e0 cung c\u1ea5p d\u1ecbch v\u1ee5; \u0111\u00f3 l\u00e0 vi\u1ec7c l\u1ef1a ch\u1ecdn m\u1ed9t \u0111\u1ed1i t\u00e1c \u0111\u1ea7u t\u01b0 s\u00e2u s\u1eafc v\u00e0o s\u1ef1 ph\u00e1t tri\u1ec3n v\u00e0 th\u00e0nh c\u00f4ng c\u1ee7a th\u01b0\u01a1ng hi\u1ec7u c\u1ee7a b\u1ea1n. Ch\u00fang t\u00f4i t\u1ef1 h\u00e0o v\u1ec1 c\u00e1ch ti\u1ebfp c\u1eadn h\u1ee3p t\u00e1c c\u1ee7a m\u00ecnh, h\u1ee3p t\u00e1c ch\u1eb7t ch\u1ebd v\u1edbi kh\u00e1ch h\u00e0ng \u0111\u1ec3 hi\u1ec3u t\u1ea7m nh\u00ecn v\u00e0 m\u1ee5c ti\u00eau c\u1ee7a h\u1ecd. \u0110i\u1ec1u n\u00e0y cho ph\u00e9p ch\u00fang t\u00f4i cung c\u1ea5p c\u00e1c gi\u1ea3i ph\u00e1p hi\u1ec7u qu\u1ea3 v\u00e0 ph\u00f9 h\u1ee3p v\u1edbi m\u1ee5c ti\u00eau d\u00e0i h\u1ea1n c\u1ee7a kh\u00e1ch h\u00e0ng.<\/p>\n\n\n\n<p class=\"sk-section-3-content\">B\u1eaft \u0111\u1ea7u h\u00e0nh tr\u00ecnh l\u00e0m ch\u1ee7 k\u1ef9 thu\u1eadt s\u1ed1 c\u00f9ng Skalaview. Tr\u1ea3i nghi\u1ec7m s\u1ee9c m\u1ea1nh b\u1ee9t ph\u00e1 khi k\u1ebft h\u1ee3p AI v\u00e0 Digital Marketing, \u0111\u01b0a th\u01b0\u01a1ng hi\u1ec7u c\u1ee7a b\u1ea1n v\u01b0\u01a1n t\u1edbi nh\u1eefng t\u1ea7m cao m\u1edbi.<\/p>\n<\/div>\n<\/div><\/div>\n\n\n\n<div class=\"wp-block-cover alignfull\" style=\"padding-top:100px;padding-bottom:100px\"><span aria-hidden=\"true\" class=\"wp-block-cover__background has-background-dim-100 has-background-dim\" style=\"background-color:#0a0444\"><\/span><div class=\"wp-block-cover__inner-container is-layout-constrained wp-block-cover-is-layout-constrained\">\n<h1 class=\"wp-block-heading sk-section-3-title has-ast-global-color-5-color has-text-color has-link-color wp-elements-7b79883cec742724f2e98ee98806e83f\">M\u1edf kh\u00f3a ti\u1ec1m n\u0103ng th\u01b0\u01a1ng hi\u1ec7u v\u1edbi ti\u1ebfp th\u1ecb \u1ee9ng d\u1ee5ng AI c\u1ee7a Skalaview.<\/h1>\n<\/div><\/div>","protected":false},"excerpt":{"rendered":"","protected":false},"author":2,"featured_media":0,"parent":0,"menu_order":0,"comment_status":"closed","ping_status":"closed","template":"","meta":{"_acf_changed":false,"om_disable_all_campaigns":false,"_monsterinsights_skip_tracking":false,"_monsterinsights_sitenote_active":false,"_monsterinsights_sitenote_note":"","_monsterinsights_sitenote_category":0,"site-sidebar-layout":"default","site-content-layout":"","ast-site-content-layout":"default","site-content-style":"default","site-sidebar-style":"default","ast-global-header-display":"","ast-banner-title-visibility":"","ast-main-header-display":"","ast-hfb-above-header-display":"","ast-hfb-below-header-display":"","ast-hfb-mobile-header-display":"","site-post-title":"disabled","ast-breadcrumbs-content":"","ast-featured-img":"","footer-sml-layout":"","ast-disable-related-posts":"","theme-transparent-header-meta":"","adv-header-id-meta":"","stick-header-meta":"","header-above-stick-meta":"","header-main-stick-meta":"","header-below-stick-meta":"","astra-migrate-meta-layouts":"default","ast-page-background-enabled":"default","ast-page-background-meta":{"desktop":{"background-color":"var(--ast-global-color-4)","background-image":"","background-repeat":"repeat","background-position":"center center","background-size":"auto","background-attachment":"scroll","background-type":"","background-media":"","overlay-type":"","overlay-color":"","overlay-opacity":"","overlay-gradient":""},"tablet":{"background-color":"","background-image":"","background-repeat":"repeat","background-position":"center center","background-size":"auto","background-attachment":"scroll","background-type":"","background-media":"","overlay-type":"","overlay-color":"","overlay-opacity":"","overlay-gradient":""},"mobile":{"background-color":"","background-image":"","background-repeat":"repeat","background-position":"center center","background-size":"auto","background-attachment":"scroll","background-type":"","background-media":"","overlay-type":"","overlay-color":"","overlay-opacity":"","overlay-gradient":""}},"ast-content-background-meta":{"desktop":{"background-color":"var(--ast-global-color-5)","background-image":"","background-repeat":"repeat","background-position":"center center","background-size":"auto","background-attachment":"scroll","background-type":"","background-media":"","overlay-type":"","overlay-color":"","overlay-opacity":"","overlay-gradient":""},"tablet":{"background-color":"var(--ast-global-color-5)","background-image":"","background-repeat":"repeat","background-position":"center center","background-size":"auto","background-attachment":"scroll","background-type":"","background-media":"","overlay-type":"","overlay-color":"","overlay-opacity":"","overlay-gradient":""},"mobile":{"background-color":"var(--ast-global-color-5)","background-image":"","background-repeat":"repeat","background-position":"center center","background-size":"auto","background-attachment":"scroll","background-type":"","background-media":"","overlay-type":"","overlay-color":"","overlay-opacity":"","overlay-gradient":""}},"footnotes":""},"class_list":["post-950","page","type-page","status-publish","hentry"],"acf":[],"aioseo_notices":[],"_links":{"self":[{"href":"https:\/\/www.skalaview.com\/vi\/wp-json\/wp\/v2\/pages\/950","targetHints":{"allow":["GET"]}}],"collection":[{"href":"https:\/\/www.skalaview.com\/vi\/wp-json\/wp\/v2\/pages"}],"about":[{"href":"https:\/\/www.skalaview.com\/vi\/wp-json\/wp\/v2\/types\/page"}],"author":[{"embeddable":true,"href":"https:\/\/www.skalaview.com\/vi\/wp-json\/wp\/v2\/users\/2"}],"replies":[{"embeddable":true,"href":"https:\/\/www.skalaview.com\/vi\/wp-json\/wp\/v2\/comments?post=950"}],"version-history":[{"count":5,"href":"https:\/\/www.skalaview.com\/vi\/wp-json\/wp\/v2\/pages\/950\/revisions"}],"predecessor-version":[{"id":2164,"href":"https:\/\/www.skalaview.com\/vi\/wp-json\/wp\/v2\/pages\/950\/revisions\/2164"}],"wp:attachment":[{"href":"https:\/\/www.skalaview.com\/vi\/wp-json\/wp\/v2\/media?parent=950"}],"curies":[{"name":"wp","href":"https:\/\/api.w.org\/{rel}","templated":true}]}}