{"id":1806,"date":"2024-05-06T07:29:58","date_gmt":"2024-05-06T06:29:58","guid":{"rendered":"https:\/\/skalaview.com\/?page_id=1806"},"modified":"2024-05-06T11:30:42","modified_gmt":"2024-05-06T10:30:42","slug":"privacy-policy","status":"publish","type":"page","link":"https:\/\/www.skalaview.com\/vi\/privacy-policy\/","title":{"rendered":"Ch\u00ednh s\u00e1ch b\u1ea3o m\u1eadt"},"content":{"rendered":"<div class=\"wp-block-cover alignfull\" style=\"padding-top:50px;padding-bottom:50px\"><span aria-hidden=\"true\" class=\"wp-block-cover__background has-ast-global-color-5-background-color has-background-dim-100 has-background-dim\"><\/span><div class=\"wp-block-cover__inner-container is-layout-constrained wp-block-cover-is-layout-constrained\">\n<h1 class=\"wp-block-heading alignfull sk-policy-first-title\">Ch\u00ednh s\u00e1ch b\u1ea3o m\u1eadt<\/h1>\n\n\n\n<p class=\"sk-policy-content\">Skalaview (\"ch\u00fang t\u00f4i\", \"b\u00ean ch\u00fang t\u00f4i\") cam k\u1ebft b\u1ea3o v\u1ec7 quy\u1ec1n ri\u00eang t\u01b0 v\u00e0 b\u1ea3o m\u1eadt th\u00f4ng tin c\u00e1 nh\u00e2n c\u1ee7a b\u1ea1n. Ch\u00ednh s\u00e1ch b\u1ea3o m\u1eadt n\u00e0y m\u00f4 t\u1ea3 c\u00e1ch ch\u00fang t\u00f4i thu th\u1eadp, s\u1eed d\u1ee5ng, ti\u1ebft l\u1ed9 v\u00e0 b\u1ea3o v\u1ec7 th\u00f4ng tin c\u00e1 nh\u00e2n m\u00e0 ch\u00fang t\u00f4i thu th\u1eadp th\u00f4ng qua trang web v\u00e0 c\u00e1c d\u1ecbch v\u1ee5 li\u00ean quan c\u1ee7a m\u00ecnh.<\/p>\n\n\n\n<h4 class=\"wp-block-heading alignfull sk-policy-title\">Th\u00f4ng tin ch\u00fang t\u00f4i thu th\u1eadp<\/h4>\n\n\n\n<p class=\"sk-policy-content\">Ch\u00fang t\u00f4i c\u00f3 th\u1ec3 thu th\u1eadp c\u00e1c lo\u1ea1i th\u00f4ng tin c\u00e1 nh\u00e2n sau \u0111\u00e2y khi b\u1ea1n truy c\u1eadp trang web ho\u1eb7c s\u1eed d\u1ee5ng d\u1ecbch v\u1ee5 c\u1ee7a ch\u00fang t\u00f4i:<\/p>\n\n\n\n<ul class=\"sk-policy-content has-black-color has-text-color has-link-color wp-block-list wp-elements-8649c56740df76b28c1f77f20dbe30fd\">\n<li>Th\u00f4ng tin li\u00ean l\u1ea1c: ch\u1eb3ng h\u1ea1n nh\u01b0 t\u00ean, \u0111\u1ecba ch\u1ec9 email, s\u1ed1 \u0111i\u1ec7n tho\u1ea1i v\u00e0 \u0111\u1ecba ch\u1ec9 g\u1eedi th\u01b0 c\u1ee7a b\u1ea1n.<\/li>\n\n\n\n<li>Th\u00f4ng tin t\u00e0i kho\u1ea3n: n\u1ebfu b\u1ea1n t\u1ea1o t\u00e0i kho\u1ea3n v\u1edbi ch\u00fang t\u00f4i, ch\u00fang t\u00f4i c\u00f3 th\u1ec3 thu th\u1eadp t\u00ean ng\u01b0\u1eddi d\u00f9ng, m\u1eadt kh\u1ea9u v\u00e0 c\u00e1c chi ti\u1ebft t\u00e0i kho\u1ea3n kh\u00e1c c\u1ee7a b\u1ea1n.<\/li>\n\n\n\n<li>Th\u00f4ng tin thanh to\u00e1n: n\u1ebfu b\u1ea1n mua h\u00e0ng th\u00f4ng qua trang web c\u1ee7a ch\u00fang t\u00f4i, ch\u00fang t\u00f4i c\u00f3 th\u1ec3 thu th\u1eadp th\u00f4ng tin th\u1ebb t\u00edn d\u1ee5ng ho\u1eb7c th\u00f4ng tin thanh to\u00e1n kh\u00e1c c\u1ee7a b\u1ea1n.<\/li>\n\n\n\n<li>Th\u00f4ng tin s\u1eed d\u1ee5ng: ch\u1eb3ng h\u1ea1n nh\u01b0 \u0111\u1ecba ch\u1ec9 IP, lo\u1ea1i tr\u00ecnh duy\u1ec7t, h\u1ec7 \u0111i\u1ec1u h\u00e0nh, URL gi\u1edbi thi\u1ec7u v\u00e0 c\u00e1c d\u1eef li\u1ec7u s\u1eed d\u1ee5ng kh\u00e1c \u0111\u01b0\u1ee3c thu th\u1eadp t\u1ef1 \u0111\u1ed9ng th\u00f4ng qua cookie v\u00e0 c\u00e1c c\u00f4ng ngh\u1ec7 t\u01b0\u01a1ng t\u1ef1.<\/li>\n\n\n\n<li>Li\u00ean l\u1ea1c: bao g\u1ed3m b\u1ea5t k\u1ef3 th\u01b0 t\u1eeb ho\u1eb7c ph\u1ea3n h\u1ed3i n\u00e0o b\u1ea1n cung c\u1ea5p cho ch\u00fang t\u00f4i.<\/li>\n\n\n\n<li>D\u1eef li\u1ec7u v\u1ecb tr\u00ed: n\u1ebfu b\u1ea1n cho ph\u00e9p trang web ho\u1eb7c \u1ee9ng d\u1ee5ng di \u0111\u1ed9ng c\u1ee7a ch\u00fang t\u00f4i truy c\u1eadp v\u1ecb tr\u00ed thi\u1ebft b\u1ecb c\u1ee7a b\u1ea1n, ch\u00fang t\u00f4i c\u00f3 th\u1ec3 thu th\u1eadp th\u00f4ng tin v\u1ec1 v\u1ecb tr\u00ed c\u1ee7a b\u1ea1n.<\/li>\n\n\n\n<li>Th\u00f4ng tin kh\u00e1c b\u1ea1n cung c\u1ea5p: b\u1ea5t k\u1ef3 th\u00f4ng tin c\u00e1 nh\u00e2n n\u00e0o kh\u00e1c b\u1ea1n ch\u1ecdn cung c\u1ea5p th\u00f4ng qua trang web ho\u1eb7c d\u1ecbch v\u1ee5 c\u1ee7a ch\u00fang t\u00f4i.<\/li>\n<\/ul>\n<\/div><\/div>\n\n\n\n<div class=\"wp-block-cover alignfull is-light\" style=\"padding-top:50px;padding-bottom:50px\"><span aria-hidden=\"true\" class=\"wp-block-cover__background has-background-dim-100 has-background-dim\" style=\"background-color:#f5f8fe\"><\/span><div class=\"wp-block-cover__inner-container is-layout-constrained wp-block-cover-is-layout-constrained\">\n<h4 class=\"wp-block-heading sk-policy-title\">Ph\u1ea1m vi s\u1eed d\u1ee5ng th\u00f4ng tin<\/h4>\n\n\n\n<p class=\"sk-policy-content\">Ch\u00fang t\u00f4i c\u00f3 th\u1ec3 s\u1eed d\u1ee5ng th\u00f4ng tin c\u00e1 nh\u00e2n m\u00e0 ch\u00fang t\u00f4i thu th\u1eadp cho c\u00e1c m\u1ee5c \u0111\u00edch sau:<\/p>\n\n\n\n<ul class=\"sk-policy-content has-black-color has-text-color has-link-color wp-block-list wp-elements-86e4b71ad7cd43556f13318658a43962\">\n<li>Cung c\u1ea5p v\u00e0 c\u00e1 nh\u00e2n h\u00f3a d\u1ecbch v\u1ee5 c\u1ee7a ch\u00fang t\u00f4i cho b\u1ea1n.<\/li>\n\n\n\n<li>X\u1eed l\u00fd giao d\u1ecbch v\u00e0 ho\u00e0n th\u00e0nh \u0111\u01a1n \u0111\u1eb7t h\u00e0ng.<\/li>\n\n\n\n<li>Li\u00ean l\u1ea1c v\u1edbi b\u1ea1n v\u1ec1 c\u00e1c s\u1ea3n ph\u1ea9m, d\u1ecbch v\u1ee5 v\u00e0 ch\u01b0\u01a1ng tr\u00ecnh khuy\u1ebfn m\u00e3i c\u1ee7a ch\u00fang t\u00f4i.<\/li>\n\n\n\n<li>Tr\u1ea3 l\u1eddi c\u00e1c c\u00e2u h\u1ecfi c\u1ee7a b\u1ea1n v\u00e0 cung c\u1ea5p d\u1ecbch v\u1ee5 h\u1ed7 tr\u1ee3 kh\u00e1ch h\u00e0ng.<\/li>\n\n\n\n<li>C\u1ea3i thi\u1ec7n v\u00e0 t\u1ed1i \u01b0u h\u00f3a trang web v\u00e0 d\u1ecbch v\u1ee5 c\u1ee7a ch\u00fang t\u00f4i.<\/li>\n\n\n\n<li>Ph\u00e2n t\u00edch v\u00e0 hi\u1ec3u c\u00e1ch trang web v\u00e0 d\u1ecbch v\u1ee5 c\u1ee7a ch\u00fang t\u00f4i \u0111\u01b0\u1ee3c s\u1eed d\u1ee5ng.<\/li>\n\n\n\n<li>B\u1ea3o v\u1ec7 quy\u1ec1n l\u1ee3i ph\u00e1p l\u00fd c\u1ee7a ch\u00fang t\u00f4i v\u00e0 ng\u0103n ch\u1eb7n gian l\u1eadn ho\u1eb7c c\u00e1c ho\u1ea1t \u0111\u1ed9ng b\u1ea5t h\u1ee3p ph\u00e1p kh\u00e1c.<\/li>\n\n\n\n<li>Tu\u00e2n th\u1ee7 c\u00e1c ngh\u0129a v\u1ee5 ph\u00e1p l\u00fd.<\/li>\n<\/ul>\n<\/div><\/div>\n\n\n\n<div class=\"wp-block-cover alignfull\" style=\"padding-top:50px;padding-bottom:50px\"><span aria-hidden=\"true\" class=\"wp-block-cover__background has-ast-global-color-5-background-color has-background-dim-100 has-background-dim\"><\/span><div class=\"wp-block-cover__inner-container is-layout-constrained wp-block-cover-is-layout-constrained\">\n<h4 class=\"wp-block-heading sk-policy-title\">Th\u00f4ng tin c\u00e1 nh\u00e2n \u0111\u01b0\u1ee3c chia s\u1ebb v\u1edbi ai<\/h4>\n\n\n\n<p class=\"sk-policy-content\">Ch\u00fang t\u00f4i c\u00f3 th\u1ec3 chia s\u1ebb th\u00f4ng tin c\u00e1 nh\u00e2n c\u1ee7a b\u1ea1n v\u1edbi c\u00e1c b\u00ean th\u1ee9 ba trong c\u00e1c tr\u01b0\u1eddng h\u1ee3p sau:<\/p>\n\n\n\n<ul class=\"sk-policy-content has-black-color has-text-color has-link-color wp-block-list wp-elements-92017a85387b9d4e9eab14b1b9465087\">\n<li><b>Nh\u00e0 cung c\u1ea5p d\u1ecbch v\u1ee5<\/b>: ch\u00fang t\u00f4i c\u00f3 th\u1ec3 chia s\u1ebb th\u00f4ng tin v\u1edbi c\u00e1c nh\u00e0 cung c\u1ea5p d\u1ecbch v\u1ee5 b\u00ean th\u1ee9 ba th\u1ef1c hi\u1ec7n c\u00e1c d\u1ecbch v\u1ee5 thay m\u1eb7t ch\u00fang t\u00f4i, ch\u1eb3ng h\u1ea1n nh\u01b0 x\u1eed l\u00fd thanh to\u00e1n, ph\u00e2n t\u00edch d\u1eef li\u1ec7u v\u00e0 ti\u1ebfp th\u1ecb. C\u00e1c nh\u00e0 cung c\u1ea5p d\u1ecbch v\u1ee5 n\u00e0y b\u1ecb r\u00e0ng bu\u1ed9c b\u1edfi c\u00e1c th\u1ecfa thu\u1eadn b\u1ea3o m\u1eadt v\u00e0 ch\u1ec9 \u0111\u01b0\u1ee3c ph\u00e9p s\u1eed d\u1ee5ng th\u00f4ng tin c\u00e1 nh\u00e2n c\u1ee7a b\u1ea1n cho m\u1ee5c \u0111\u00edch cung c\u1ea5p d\u1ecbch v\u1ee5 cho ch\u00fang t\u00f4i.<\/li>\n\n\n\n<li><b>Chuy\u1ec3n nh\u01b0\u1ee3ng doanh nghi\u1ec7p<\/b>: n\u1ebfu ch\u00fang t\u00f4i tham gia v\u00e0o vi\u1ec7c s\u00e1p nh\u1eadp, mua l\u1ea1i ho\u1eb7c b\u00e1n to\u00e0n b\u1ed9 ho\u1eb7c m\u1ed9t ph\u1ea7n t\u00e0i s\u1ea3n c\u1ee7a m\u00ecnh, th\u00f4ng tin c\u1ee7a b\u1ea1n c\u00f3 th\u1ec3 \u0111\u01b0\u1ee3c chuy\u1ec3n nh\u01b0\u1ee3ng nh\u01b0 m\u1ed9t ph\u1ea7n c\u1ee7a giao d\u1ecbch \u0111\u00f3. Trong nh\u1eefng tr\u01b0\u1eddng h\u1ee3p nh\u01b0 v\u1eady, ch\u00fang t\u00f4i s\u1ebd th\u1ef1c hi\u1ec7n c\u00e1c b\u01b0\u1edbc h\u1ee3p l\u00fd \u0111\u1ec3 \u0111\u1ea3m b\u1ea3o th\u00f4ng tin c\u00e1 nh\u00e2n c\u1ee7a b\u1ea1n \u0111\u01b0\u1ee3c x\u1eed l\u00fd an to\u00e0n v\u00e0 theo lu\u1eadt hi\u1ec7n h\u00e0nh.<\/li>\n\n\n\n<li><b>Tu\u00e2n th\u1ee7 ph\u00e1p lu\u1eadt<\/b>: ch\u00fang t\u00f4i c\u00f3 th\u1ec3 ti\u1ebft l\u1ed9 th\u00f4ng tin theo y\u00eau c\u1ea7u c\u1ee7a ph\u00e1p lu\u1eadt ho\u1eb7c \u0111\u1ec3 b\u1ea3o v\u1ec7 quy\u1ec1n l\u1ee3i ph\u00e1p l\u00fd c\u1ee7a m\u00ecnh, th\u1ef1c thi c\u00e1c \u0111i\u1ec1u kho\u1ea3n d\u1ecbch v\u1ee5 c\u1ee7a ch\u00fang t\u00f4i ho\u1eb7c tr\u1ea3 l\u1eddi c\u00e1c y\u00eau c\u1ea7u h\u1ee3p ph\u00e1p t\u1eeb c\u00e1c c\u01a1 quan c\u00f4ng quy\u1ec1n.<\/li>\n\n\n\n<li><b>V\u1edbi s\u1ef1 \u0111\u1ed3ng \u00fd c\u1ee7a b\u1ea1n<\/b>: ch\u00fang t\u00f4i c\u00f3 th\u1ec3 chia s\u1ebb th\u00f4ng tin c\u00e1 nh\u00e2n c\u1ee7a b\u1ea1n v\u1edbi c\u00e1c b\u00ean th\u1ee9 ba trong c\u00e1c tr\u01b0\u1eddng h\u1ee3p kh\u00e1c v\u1edbi s\u1ef1 \u0111\u1ed3ng \u00fd tr\u01b0\u1edbc c\u1ee7a b\u1ea1n.<\/li>\n<\/ul>\n\n\n\n<h4 class=\"wp-block-heading sk-policy-title\">B\u1ea3o m\u1eadt d\u1eef li\u1ec7u<\/h4>\n\n\n\n<p class=\"sk-policy-content\">Ch\u00fang t\u00f4i th\u1ef1c hi\u1ec7n c\u00e1c bi\u1ec7n ph\u00e1p h\u1ee3p l\u00fd \u0111\u1ec3 b\u1ea3o v\u1ec7 th\u00f4ng tin c\u00e1 nh\u00e2n c\u1ee7a b\u1ea1n kh\u1ecfi truy c\u1eadp, s\u1eed d\u1ee5ng ho\u1eb7c ti\u1ebft l\u1ed9 tr\u00e1i ph\u00e9p. C\u00e1c bi\u1ec7n ph\u00e1p n\u00e0y bao g\u1ed3m c\u00e1c bi\u1ec7n ph\u00e1p b\u1ea3o v\u1ec7 v\u1eadt l\u00fd, k\u1ef9 thu\u1eadt v\u00e0 h\u00e0nh ch\u00ednh, ch\u1eb3ng h\u1ea1n nh\u01b0 m\u00e1y ch\u1ee7 b\u1ea3o m\u1eadt, m\u00e3 h\u00f3a v\u00e0 ki\u1ec3m so\u00e1t quy\u1ec1n truy c\u1eadp. Tuy nhi\u00ean, kh\u00f4ng c\u00f3 ph\u01b0\u01a1ng th\u1ee9c truy\u1ec1n d\u1eef li\u1ec7u qua internet ho\u1eb7c l\u01b0u tr\u1eef \u0111i\u1ec7n t\u1eed n\u00e0o l\u00e0 an to\u00e0n 100% v\u00e0 ch\u00fang t\u00f4i kh\u00f4ng th\u1ec3 \u0111\u1ea3m b\u1ea3o an ninh tuy\u1ec7t \u0111\u1ed1i.<\/p>\n\n\n\n<h4 class=\"wp-block-heading sk-policy-title\">S\u1ef1 l\u1ef1a ch\u1ecdn c\u1ee7a b\u1ea1n<\/h4>\n\n\n\n<p class=\"sk-policy-content\">B\u1ea1n c\u00f3 th\u1ec3 ch\u1ecdn kh\u00f4ng cung c\u1ea5p m\u1ed9t s\u1ed1 th\u00f4ng tin c\u00e1 nh\u00e2n nh\u1ea5t \u0111\u1ecbnh, nh\u01b0ng \u0111i\u1ec1u n\u00e0y c\u00f3 th\u1ec3 h\u1ea1n ch\u1ebf kh\u1ea3 n\u0103ng b\u1ea1n s\u1eed d\u1ee5ng m\u1ed9t s\u1ed1 t\u00ednh n\u0103ng nh\u1ea5t \u0111\u1ecbnh c\u1ee7a trang web ho\u1eb7c d\u1ecbch v\u1ee5 c\u1ee7a ch\u00fang t\u00f4i. B\u1ea1n c\u0169ng c\u00f3 th\u1ec3 t\u1eeb ch\u1ed1i nh\u1eadn th\u00f4ng tin qu\u1ea3ng c\u00e1o t\u1eeb ch\u00fang t\u00f4i b\u1eb1ng c\u00e1ch l\u00e0m theo h\u01b0\u1edbng d\u1eabn trong c\u00e1c th\u00f4ng tin li\u00ean l\u1ea1c \u0111\u00f3 ho\u1eb7c b\u1eb1ng c\u00e1ch li\u00ean h\u1ec7 v\u1edbi ch\u00fang t\u00f4i b\u1eb1ng th\u00f4ng tin \u0111\u01b0\u1ee3c cung c\u1ea5p b\u00ean d\u01b0\u1edbi.<\/p>\n<\/div><\/div>\n\n\n\n<div class=\"wp-block-cover alignfull is-light\" style=\"padding-top:50px;padding-bottom:50px\"><span aria-hidden=\"true\" class=\"wp-block-cover__background has-background-dim-100 has-background-dim\" style=\"background-color:#f5f8fe\"><\/span><div class=\"wp-block-cover__inner-container is-layout-constrained wp-block-cover-is-layout-constrained\">\n<h4 class=\"wp-block-heading sk-policy-title\">L\u01b0u tr\u1eef d\u1eef li\u1ec7u<\/h4>\n\n\n\n<p class=\"sk-policy-content\">Ch\u00fang t\u00f4i s\u1ebd l\u01b0u gi\u1eef th\u00f4ng tin c\u00e1 nh\u00e2n c\u1ee7a b\u1ea1n trong kho\u1ea3ng th\u1eddi gian c\u1ea7n thi\u1ebft \u0111\u1ec3 ho\u00e0n th\u00e0nh c\u00e1c m\u1ee5c \u0111\u00edch thu th\u1eadp th\u00f4ng tin \u0111\u00f3, bao g\u1ed3m c\u1ea3 m\u1ee5c \u0111\u00edch \u0111\u00e1p \u1ee9ng m\u1ecdi y\u00eau c\u1ea7u ph\u00e1p l\u00fd, k\u1ebf to\u00e1n ho\u1eb7c b\u00e1o c\u00e1o. Khi th\u00f4ng tin c\u00e1 nh\u00e2n c\u1ee7a b\u1ea1n kh\u00f4ng c\u00f2n c\u1ea7n thi\u1ebft cho nh\u1eefng m\u1ee5c \u0111\u00edch n\u00e0y n\u1eefa, ch\u00fang t\u00f4i s\u1ebd th\u1ef1c hi\u1ec7n c\u00e1c b\u01b0\u1edbc h\u1ee3p l\u00fd \u0111\u1ec3 h\u1ee7y ho\u1eb7c \u1ea9n danh th\u00f4ng tin \u0111\u00f3 m\u1ed9t c\u00e1ch an to\u00e0n.<\/p>\n<\/div><\/div>\n\n\n\n<div class=\"wp-block-cover alignfull\" style=\"padding-top:50px;padding-bottom:50px\"><span aria-hidden=\"true\" class=\"wp-block-cover__background has-ast-global-color-5-background-color has-background-dim-100 has-background-dim\"><\/span><div class=\"wp-block-cover__inner-container is-layout-constrained wp-block-cover-is-layout-constrained\">\n<h4 class=\"wp-block-heading sk-policy-title\">Li\u00ean h\u1ec7<\/h4>\n\n\n\n<p class=\"sk-policy-content\">N\u1ebfu b\u1ea1n c\u00f3 b\u1ea5t k\u1ef3 c\u00e2u h\u1ecfi ho\u1eb7c th\u1eafc m\u1eafc n\u00e0o v\u1ec1 Ch\u00ednh s\u00e1ch B\u1ea3o m\u1eadt n\u00e0y ho\u1eb7c c\u00e1c ho\u1ea1t \u0111\u1ed9ng x\u1eed l\u00fd d\u1eef li\u1ec7u c\u1ee7a ch\u00fang t\u00f4i, vui l\u00f2ng li\u00ean h\u1ec7 v\u1edbi ch\u00fang t\u00f4i theo:<\/p>\n\n\n\n<ul class=\"sk-policy-content has-black-color has-text-color has-link-color wp-block-list wp-elements-b5be5f5630ed30122b09e489d6e95b7e\">\n<li>Email: <a href=\"mailto:info@skalaview.co\">info@skalaview.co<\/a><\/li>\n\n\n\n<li>\u0110\u1ecba ch\u1ec9: 6\/1\/2A Nguy\u1ec5n \u01af D\u0129, Th\u1ea3o \u0110i\u1ec1n, TP. H\u1ed3 Ch\u00ed Minh<\/li>\n\n\n\n<li>\u0110\u1ecba ch\u1ec9 g\u1eedi th\u01b0: 6\/1\/2A Nguy\u1ec5n \u01af D\u0129, Th\u1ea3o \u0110i\u1ec1n, TP. H\u1ed3 Ch\u00ed Minh<\/li>\n\n\n\n<li>Form li\u00ean h\u1ec7: <a href=\"#\" title=\"\">nh\u1ea5n v\u00e0o \u0111\u00e2y<\/a><\/li>\n<\/ul>\n<\/div><\/div>\n\n\n\n<div class=\"wp-block-cover alignfull is-light\" style=\"padding-top:50px;padding-bottom:50px\"><span aria-hidden=\"true\" class=\"wp-block-cover__background has-background-dim-100 has-background-dim\" style=\"background-color:#f5f8fe\"><\/span><div class=\"wp-block-cover__inner-container is-layout-constrained wp-block-cover-is-layout-constrained\">\n<h4 class=\"wp-block-heading sk-policy-title\">Nh\u1eefng thay \u0111\u1ed5i \u0111\u1ed1i v\u1edbi Ch\u00ednh s\u00e1ch b\u1ea3o m\u1eadt n\u00e0y<\/h4>\n\n\n\n<p class=\"sk-policy-content\">\u0110\u00f4i khi, ch\u00fang t\u00f4i c\u00f3 th\u1ec3 c\u1eadp nh\u1eadt Ch\u00ednh s\u00e1ch quy\u1ec1n ri\u00eang t\u01b0 n\u00e0y \u0111\u1ec3 ph\u1ea3n \u00e1nh nh\u1eefng thay \u0111\u1ed5i trong th\u1ef1c ti\u1ec5n ho\u1eb7c y\u00eau c\u1ea7u ph\u00e1p l\u00fd c\u1ee7a ch\u00fang t\u00f4i. N\u1ebfu ch\u00fang t\u00f4i th\u1ef1c hi\u1ec7n nh\u1eefng thay \u0111\u1ed5i quan tr\u1ecdng \u0111\u1ed1i v\u1edbi Ch\u00ednh s\u00e1ch quy\u1ec1n ri\u00eang t\u01b0 n\u00e0y, ch\u00fang t\u00f4i s\u1ebd th\u00f4ng b\u00e1o cho b\u1ea1n qua email (n\u1ebfu ch\u00fang t\u00f4i c\u00f3 \u0111\u1ecba ch\u1ec9 email c\u1ee7a b\u1ea1n) ho\u1eb7c b\u1eb1ng c\u00e1ch \u0111\u0103ng th\u00f4ng b\u00e1o n\u1ed5i b\u1eadt tr\u00ean trang web c\u1ee7a ch\u00fang t\u00f4i. Ch\u00fang t\u00f4i khuy\u1ebfn kh\u00edch b\u1ea1n xem l\u1ea1i Ch\u00ednh s\u00e1ch quy\u1ec1n ri\u00eang t\u01b0 n\u00e0y \u0111\u1ecbnh k\u1ef3 \u0111\u1ec3 bi\u1ebft b\u1ea5t k\u1ef3 c\u1eadp nh\u1eadt ho\u1eb7c thay \u0111\u1ed5i n\u00e0o.<br><br>Ch\u00ednh s\u00e1ch quy\u1ec1n ri\u00eang t\u01b0 \u0111\u01b0\u1ee3c c\u1eadp nh\u1eadt n\u00e0y bao g\u1ed3m c\u00e1c c\u1ea3i ti\u1ebfn sau:<\/p>\n\n\n\n<ul class=\"sk-policy-content has-black-color has-text-color has-link-color wp-block-list wp-elements-e8f0c3d675213c4ba7bbace33e0b38f8\">\n<li><b>Th\u00f4ng tin b\u1ed5 sung \u0111\u01b0\u1ee3c thu th\u1eadp<\/b>: \u0110\u00e3 th\u00eam m\u1ed9t ph\u1ea7n bao g\u1ed3m vi\u1ec7c thu th\u1eadp d\u1eef li\u1ec7u v\u1ecb tr\u00ed v\u00e0 m\u1ecdi th\u00f4ng tin c\u00e1 nh\u00e2n kh\u00e1c do ng\u01b0\u1eddi d\u00f9ng cung c\u1ea5p.<\/li>\n\n\n\n<li><b>S\u1eed d\u1ee5ng Th\u00f4ng tin<\/b> : M\u1edf r\u1ed9ng ph\u1ea7n v\u1ec1 c\u00e1ch ch\u00fang t\u00f4i s\u1eed d\u1ee5ng th\u00f4ng tin c\u00e1 nh\u00e2n \u0111\u1ec3 bao g\u1ed3m ph\u00e2n t\u00edch d\u1eef li\u1ec7u v\u00e0 hi\u1ec3u c\u00e1c ki\u1ec3u s\u1eed d\u1ee5ng.<\/li>\n\n\n\n<li><b>Ti\u1ebft l\u1ed9 th\u00f4ng tin<\/b> : L\u00e0m r\u00f5 r\u1eb1ng c\u00e1c nh\u00e0 cung c\u1ea5p d\u1ecbch v\u1ee5 b\u1ecb r\u00e0ng bu\u1ed9c b\u1edfi c\u00e1c th\u1ecfa thu\u1eadn b\u1ea3o m\u1eadt v\u00e0 cung c\u1ea5p th\u00eam chi ti\u1ebft v\u1ec1 c\u00e1ch ch\u00fang t\u00f4i x\u1eed l\u00fd vi\u1ec7c truy\u1ec1n d\u1eef li\u1ec7u trong tr\u01b0\u1eddng h\u1ee3p s\u00e1p nh\u1eadp ho\u1eb7c mua l\u1ea1i.<\/li>\n\n\n\n<li><b>L\u01b0u gi\u1eef d\u1eef li\u1ec7u<\/b> : \u0110\u00e3 th\u00eam m\u1ed9t ph\u1ea7n v\u1ec1 c\u00e1c bi\u1ec7n ph\u00e1p l\u01b0u gi\u1eef d\u1eef li\u1ec7u v\u00e0 cam k\u1ebft c\u1ee7a ch\u00fang t\u00f4i v\u1ec1 vi\u1ec7c ch\u1ec9 l\u01b0u gi\u1eef th\u00f4ng tin c\u00e1 nh\u00e2n trong kho\u1ea3ng th\u1eddi gian c\u1ea7n thi\u1ebft.<\/li>\n\n\n\n<li><b>Th\u00f4ng tin li\u00ean h\u1ec7<\/b> : Bao g\u1ed3m \u0111\u1ecba ch\u1ec9 g\u1eedi th\u01b0 v\u00e0 li\u00ean k\u1ebft t\u1edbi bi\u1ec3u m\u1eabu li\u00ean h\u1ec7 \u0111\u1ec3 ng\u01b0\u1eddi d\u00f9ng g\u1eedi th\u1eafc m\u1eafc ho\u1eb7c khi\u1ebfu n\u1ea1i.<\/li>\n\n\n\n<li><b>Nh\u1eefng thay \u0111\u1ed5i \u0111\u1ed1i v\u1edbi Ch\u00ednh s\u00e1ch quy\u1ec1n ri\u00eang t\u01b0<\/b> : \u0110\u00e3 th\u00eam ph\u1ea7n gi\u1ea3i th\u00edch c\u00e1ch ch\u00fang t\u00f4i s\u1ebd th\u00f4ng b\u00e1o cho ng\u01b0\u1eddi d\u00f9ng v\u1ec1 nh\u1eefng thay \u0111\u1ed5i quan tr\u1ecdng \u0111\u1ed1i v\u1edbi Ch\u00ednh s\u00e1ch quy\u1ec1n ri\u00eang t\u01b0.<\/li>\n<\/ul>\n<\/div><\/div>","protected":false},"excerpt":{"rendered":"","protected":false},"author":6,"featured_media":0,"parent":0,"menu_order":0,"comment_status":"closed","ping_status":"closed","template":"","meta":{"_acf_changed":false,"om_disable_all_campaigns":false,"_monsterinsights_skip_tracking":false,"_monsterinsights_sitenote_active":false,"_monsterinsights_sitenote_note":"","_monsterinsights_sitenote_category":0,"site-sidebar-layout":"default","site-content-layout":"","ast-site-content-layout":"default","site-content-style":"default","site-sidebar-style":"default","ast-global-header-display":"","ast-banner-title-visibility":"","ast-main-header-display":"","ast-hfb-above-header-display":"","ast-hfb-below-header-display":"","ast-hfb-mobile-header-display":"","site-post-title":"disabled","ast-breadcrumbs-content":"","ast-featured-img":"","footer-sml-layout":"","ast-disable-related-posts":"","theme-transparent-header-meta":"","adv-header-id-meta":"","stick-header-meta":"","header-above-stick-meta":"","header-main-stick-meta":"","header-below-stick-meta":"","astra-migrate-meta-layouts":"default","ast-page-background-enabled":"default","ast-page-background-meta":{"desktop":{"background-color":"var(--ast-global-color-4)","background-image":"","background-repeat":"repeat","background-position":"center center","background-size":"auto","background-attachment":"scroll","background-type":"","background-media":"","overlay-type":"","overlay-color":"","overlay-opacity":"","overlay-gradient":""},"tablet":{"background-color":"","background-image":"","background-repeat":"repeat","background-position":"center center","background-size":"auto","background-attachment":"scroll","background-type":"","background-media":"","overlay-type":"","overlay-color":"","overlay-opacity":"","overlay-gradient":""},"mobile":{"background-color":"","background-image":"","background-repeat":"repeat","background-position":"center center","background-size":"auto","background-attachment":"scroll","background-type":"","background-media":"","overlay-type":"","overlay-color":"","overlay-opacity":"","overlay-gradient":""}},"ast-content-background-meta":{"desktop":{"background-color":"var(--ast-global-color-5)","background-image":"","background-repeat":"repeat","background-position":"center center","background-size":"auto","background-attachment":"scroll","background-type":"","background-media":"","overlay-type":"","overlay-color":"","overlay-opacity":"","overlay-gradient":""},"tablet":{"background-color":"var(--ast-global-color-5)","background-image":"","background-repeat":"repeat","background-position":"center center","background-size":"auto","background-attachment":"scroll","background-type":"","background-media":"","overlay-type":"","overlay-color":"","overlay-opacity":"","overlay-gradient":""},"mobile":{"background-color":"var(--ast-global-color-5)","background-image":"","background-repeat":"repeat","background-position":"center center","background-size":"auto","background-attachment":"scroll","background-type":"","background-media":"","overlay-type":"","overlay-color":"","overlay-opacity":"","overlay-gradient":""}},"footnotes":""},"class_list":["post-1806","page","type-page","status-publish","hentry"],"acf":[],"aioseo_notices":[],"_links":{"self":[{"href":"https:\/\/www.skalaview.com\/vi\/wp-json\/wp\/v2\/pages\/1806","targetHints":{"allow":["GET"]}}],"collection":[{"href":"https:\/\/www.skalaview.com\/vi\/wp-json\/wp\/v2\/pages"}],"about":[{"href":"https:\/\/www.skalaview.com\/vi\/wp-json\/wp\/v2\/types\/page"}],"author":[{"embeddable":true,"href":"https:\/\/www.skalaview.com\/vi\/wp-json\/wp\/v2\/users\/6"}],"replies":[{"embeddable":true,"href":"https:\/\/www.skalaview.com\/vi\/wp-json\/wp\/v2\/comments?post=1806"}],"version-history":[{"count":0,"href":"https:\/\/www.skalaview.com\/vi\/wp-json\/wp\/v2\/pages\/1806\/revisions"}],"wp:attachment":[{"href":"https:\/\/www.skalaview.com\/vi\/wp-json\/wp\/v2\/media?parent=1806"}],"curies":[{"name":"wp","href":"https:\/\/api.w.org\/{rel}","templated":true}]}}