{"id":1230,"date":"2024-04-22T05:06:07","date_gmt":"2024-04-22T04:06:07","guid":{"rendered":"https:\/\/skalaview.com\/?page_id=1230"},"modified":"2024-05-03T11:37:15","modified_gmt":"2024-05-03T10:37:15","slug":"partnerships","status":"publish","type":"page","link":"https:\/\/www.skalaview.com\/vi\/partnerships\/","title":{"rendered":"\u0110\u1ed1i t\u00e1c"},"content":{"rendered":"<div class=\"wp-block-cover alignfull\" style=\"padding-top:100px;padding-bottom:100px\"><span aria-hidden=\"true\" class=\"wp-block-cover__background has-white-background-color has-background-dim-0 has-background-dim\"><\/span><img fetchpriority=\"high\" decoding=\"async\" width=\"2160\" height=\"1464\" class=\"wp-block-cover__image-background wp-image-1266\" alt=\"\" src=\"https:\/\/skalaview.com\/wp-content\/uploads\/2024\/04\/Hero-Section.png\" data-object-fit=\"cover\" srcset=\"https:\/\/www.skalaview.com\/wp-content\/uploads\/2024\/04\/Hero-Section.png 2160w, https:\/\/www.skalaview.com\/wp-content\/uploads\/2024\/04\/Hero-Section-300x203.png 300w, https:\/\/www.skalaview.com\/wp-content\/uploads\/2024\/04\/Hero-Section-1024x694.png 1024w, https:\/\/www.skalaview.com\/wp-content\/uploads\/2024\/04\/Hero-Section-768x521.png 768w, https:\/\/www.skalaview.com\/wp-content\/uploads\/2024\/04\/Hero-Section-1536x1041.png 1536w, https:\/\/www.skalaview.com\/wp-content\/uploads\/2024\/04\/Hero-Section-2048x1388.png 2048w, https:\/\/www.skalaview.com\/wp-content\/uploads\/2024\/04\/Hero-Section-18x12.png 18w\" sizes=\"(max-width: 2160px) 100vw, 2160px\" \/><div class=\"wp-block-cover__inner-container is-layout-flow wp-container-core-cover-is-layout-5c9a1b1a wp-block-cover-is-layout-flow\">\n<div class=\"wp-block-columns is-layout-flex wp-container-core-columns-is-layout-28f84493 wp-block-columns-is-layout-flex\">\n<div class=\"wp-block-column is-layout-constrained wp-container-core-column-is-layout-f8582883 wp-block-column-is-layout-constrained\" style=\"flex-basis:65%\">\n<figure class=\"wp-block-image size-full\"><img decoding=\"async\" width=\"189\" height=\"32\" src=\"https:\/\/skalaview.com\/wp-content\/uploads\/2024\/04\/Frame-1171275004.png\" alt=\"\" class=\"wp-image-1272\" srcset=\"https:\/\/www.skalaview.com\/wp-content\/uploads\/2024\/04\/Frame-1171275004.png 189w, https:\/\/www.skalaview.com\/wp-content\/uploads\/2024\/04\/Frame-1171275004-18x3.png 18w\" sizes=\"(max-width: 189px) 100vw, 189px\" \/><\/figure>\n\n\n\n<h1 class=\"wp-block-heading sk-section-1-title has-white-color has-text-color has-link-color wp-elements-e0f8a5d414d0974e01783686bc09d5f4\">C\u01a1 h\u1ed9i h\u1ee3p t\u00e1c cho c\u00e1c c\u00f4ng ty b\u00e1n l\u1ebb c\u00f3 th\u01b0\u01a1ng hi\u1ec7u<\/h1>\n\n\n\n<p class=\"sk-section-1-content has-white-color has-text-color has-link-color wp-elements-161880f992551ea206b46d1654b3b18f\">B\u1eb1ng c\u00e1ch h\u1ee3p t\u00e1c v\u1edbi Skalaview, b\u1ea1n s\u1ebd c\u00f3 quy\u1ec1n truy c\u1eadp v\u00e0o n\u1ec1n t\u1ea3ng AI ti\u00ean ti\u1ebfn c\u1ee7a ch\u00fang t\u00f4i. N\u1ec1n t\u1ea3ng n\u00e0y t\u00edch h\u1ee3p li\u1ec1n m\u1ea1ch v\u1edbi c\u01a1 s\u1edf h\u1ea1 t\u1ea7ng th\u01b0\u01a1ng m\u1ea1i \u0111i\u1ec7n t\u1eed hi\u1ec7n c\u00f3 c\u1ee7a b\u1ea1n. Nh\u00f3m chuy\u00ean gia AI c\u1ee7a ch\u00fang t\u00f4i s\u1ebd h\u1ee3p t\u00e1c ch\u1eb7t ch\u1ebd v\u1edbi b\u1ea1n \u0111\u1ec3 ph\u00e1t tri\u1ec3n c\u00e1c gi\u1ea3i ph\u00e1p ph\u00f9 h\u1ee3p mang l\u1ea1i k\u1ebft qu\u1ea3 r\u00f5 r\u00e0ng, t\u1eeb tr\u1ee3 l\u00fd b\u00e1n h\u00e0ng \u0111\u01b0\u1ee3c h\u1ed7 tr\u1ee3 b\u1edfi AI \u0111\u1ebfn \u0111\u1ec1 xu\u1ea5t s\u1ea3n ph\u1ea9m th\u00f4ng minh.<\/p>\n<\/div>\n<\/div>\n<\/div><\/div>\n\n\n\n<div class=\"wp-block-cover alignfull\" style=\"padding-top:100px;padding-bottom:100px\"><span aria-hidden=\"true\" class=\"wp-block-cover__background has-ast-global-color-6-background-color has-background-dim\"><\/span><img decoding=\"async\" width=\"2160\" height=\"1802\" class=\"wp-block-cover__image-background wp-image-1282\" alt=\"\" src=\"https:\/\/skalaview.com\/wp-content\/uploads\/2024\/04\/section-1-1-1.png\" style=\"object-position:50% 70%\" data-object-fit=\"cover\" data-object-position=\"50% 70%\" srcset=\"https:\/\/www.skalaview.com\/wp-content\/uploads\/2024\/04\/section-1-1-1.png 2160w, https:\/\/www.skalaview.com\/wp-content\/uploads\/2024\/04\/section-1-1-1-300x250.png 300w, https:\/\/www.skalaview.com\/wp-content\/uploads\/2024\/04\/section-1-1-1-1024x854.png 1024w, https:\/\/www.skalaview.com\/wp-content\/uploads\/2024\/04\/section-1-1-1-768x641.png 768w, https:\/\/www.skalaview.com\/wp-content\/uploads\/2024\/04\/section-1-1-1-1536x1281.png 1536w, https:\/\/www.skalaview.com\/wp-content\/uploads\/2024\/04\/section-1-1-1-2048x1709.png 2048w, https:\/\/www.skalaview.com\/wp-content\/uploads\/2024\/04\/section-1-1-1-14x12.png 14w\" sizes=\"(max-width: 2160px) 100vw, 2160px\" \/><div class=\"wp-block-cover__inner-container is-layout-constrained wp-container-core-cover-is-layout-ea368ec3 wp-block-cover-is-layout-constrained\">\n<div class=\"wp-block-group alignfull is-layout-constrained wp-block-group-is-layout-constrained\">\n<h1 class=\"wp-block-heading alignfull has-text-align-center sk-section-2-title\">L\u1ee3i \u00edch khi h\u1ee3p t\u00e1c v\u1edbi Skalaview \u0111\u1ec3 c\u00f3 c\u00e1c gi\u1ea3i ph\u00e1p AI t\u1ea1o sinh<\/h1>\n\n\n\n<h6 class=\"wp-block-heading alignfull has-text-align-center sk-section-2-post-title\">M\u1edf kh\u00f3a s\u1ee9c m\u1ea1nh c\u1ee7a AI t\u1ea1o sinh cho b\u00e1n l\u1ebb!<\/h6>\n<\/div>\n\n\n\n<div class=\"wp-block-columns is-layout-flex wp-container-core-columns-is-layout-9cf8123d wp-block-columns-is-layout-flex\">\n<div class=\"wp-block-column is-layout-flow wp-block-column-is-layout-flow\">\n<div class=\"wp-block-columns are-vertically-aligned-center is-not-stacked-on-mobile is-layout-flex wp-container-core-columns-is-layout-33ba964e wp-block-columns-is-layout-flex\">\n<div class=\"wp-block-column is-vertically-aligned-center is-layout-constrained wp-block-column-is-layout-constrained\" style=\"flex-basis:10%\">\n<figure class=\"wp-block-image alignleft size-full is-resized is-style-default\"><img loading=\"lazy\" decoding=\"async\" width=\"24\" height=\"24\" src=\"https:\/\/skalaview.com\/wp-content\/uploads\/2024\/04\/Check.png\" alt=\"\" class=\"wp-image-799\" style=\"object-fit:cover;width:24px;height:24px\" srcset=\"https:\/\/www.skalaview.com\/wp-content\/uploads\/2024\/04\/Check.png 24w, https:\/\/www.skalaview.com\/wp-content\/uploads\/2024\/04\/Check-12x12.png 12w\" sizes=\"(max-width: 24px) 100vw, 24px\" \/><\/figure>\n<\/div>\n\n\n\n<div class=\"wp-block-column is-vertically-aligned-center is-layout-flow wp-block-column-is-layout-flow\" style=\"flex-basis:90%\">\n<p class=\"sk-benefit-title\">Th\u00fac \u0111\u1ea9y qu\u00e1 tr\u00ecnh b\u00e1n h\u00e0ng v\u00e0 chuy\u1ec3n \u0111\u1ed5i<\/p>\n<\/div>\n<\/div>\n\n\n\n<p class=\"sk-benefit-content\">Tr\u1ee3 l\u00fd b\u00e1n h\u00e0ng AI c\u1ee7a ch\u00fang t\u00f4i thu h\u00fat kh\u00e1ch h\u00e0ng v\u00e0o c\u00e1c cu\u1ed9c tr\u00f2 chuy\u1ec7n m\u1ed9t c\u00e1ch r\u1ea5t t\u1ef1 nhi\u00ean, cung c\u1ea5p c\u00e1c \u0111\u1ec1 xu\u1ea5t \u0111\u01b0\u1ee3c c\u00e1 nh\u00e2n h\u00f3a v\u00e0 h\u01b0\u1edbng d\u1eabn h\u1ecd trong quy tr\u00ecnh mua h\u00e0ng, gi\u00fap b\u1ea1n t\u1ed1i \u0111a h\u00f3a doanh thu.<\/p>\n<\/div>\n\n\n\n<div class=\"wp-block-column is-layout-flow wp-block-column-is-layout-flow\">\n<div class=\"wp-block-columns are-vertically-aligned-center is-not-stacked-on-mobile is-layout-flex wp-container-core-columns-is-layout-430f08e6 wp-block-columns-is-layout-flex\">\n<div class=\"wp-block-column is-vertically-aligned-center is-layout-flow wp-container-core-column-is-layout-5eb54af5 wp-block-column-is-layout-flow\" style=\"padding-top:0;padding-right:0;padding-bottom:0;padding-left:0;flex-basis:10%\">\n<figure class=\"wp-block-image alignleft size-full is-resized is-style-rounded\"><img loading=\"lazy\" decoding=\"async\" width=\"24\" height=\"24\" src=\"https:\/\/skalaview.com\/wp-content\/uploads\/2024\/04\/Check.png\" alt=\"\" class=\"wp-image-799\" style=\"object-fit:cover;width:24px;height:24px\" srcset=\"https:\/\/www.skalaview.com\/wp-content\/uploads\/2024\/04\/Check.png 24w, https:\/\/www.skalaview.com\/wp-content\/uploads\/2024\/04\/Check-12x12.png 12w\" sizes=\"(max-width: 24px) 100vw, 24px\" \/><\/figure>\n<\/div>\n\n\n\n<div class=\"wp-block-column is-vertically-aligned-center is-layout-flow wp-block-column-is-layout-flow\" style=\"flex-basis:90%\">\n<p class=\"sk-benefit-title\">T\u0103ng c\u01b0\u1eddng kh\u1ea3 n\u0103ng h\u1ed7 tr\u1ee3 kh\u00e1ch h\u00e0ng<\/p>\n<\/div>\n<\/div>\n\n\n\n<p class=\"sk-benefit-content\">Tr\u1ee3 l\u00fd d\u1ecbch v\u1ee5 kh\u00e1ch h\u00e0ng AI c\u1ee7a ch\u00fang t\u00f4i c\u00f3 kh\u1ea3 n\u0103ng x\u1eed l\u00fd nhi\u1ec1u c\u00e2u h\u1ecfi kh\u00e1c nhau, cung c\u1ea5p ph\u1ea3n h\u1ed3i t\u1ee9c th\u00ec v\u00e0 ch\u00ednh x\u00e1c, gi\u00fap cho nh\u00e2n vi\u00ean c\u1ee7a b\u1ea1n c\u00f3 th\u1ec3  t\u1eadp trung v\u00e0o c\u00e1c nhi\u1ec7m v\u1ee5 ph\u1ee9c t\u1ea1p h\u01a1n.<\/p>\n<\/div>\n<\/div>\n\n\n\n<div class=\"wp-block-columns is-layout-flex wp-container-core-columns-is-layout-9cf8123d wp-block-columns-is-layout-flex\">\n<div class=\"wp-block-column is-layout-flow wp-block-column-is-layout-flow\">\n<div class=\"wp-block-columns are-vertically-aligned-center is-not-stacked-on-mobile is-layout-flex wp-container-core-columns-is-layout-33ba964e wp-block-columns-is-layout-flex\">\n<div class=\"wp-block-column is-vertically-aligned-center is-layout-flow wp-container-core-column-is-layout-5eb54af5 wp-block-column-is-layout-flow\" style=\"padding-top:0;padding-right:0;padding-bottom:0;padding-left:0;flex-basis:10%\">\n<figure class=\"wp-block-image alignleft size-full is-resized is-style-rounded\"><img loading=\"lazy\" decoding=\"async\" width=\"24\" height=\"24\" src=\"https:\/\/skalaview.com\/wp-content\/uploads\/2024\/04\/Check.png\" alt=\"\" class=\"wp-image-799\" style=\"object-fit:cover;width:24px;height:24px\" srcset=\"https:\/\/www.skalaview.com\/wp-content\/uploads\/2024\/04\/Check.png 24w, https:\/\/www.skalaview.com\/wp-content\/uploads\/2024\/04\/Check-12x12.png 12w\" sizes=\"(max-width: 24px) 100vw, 24px\" \/><\/figure>\n<\/div>\n\n\n\n<div class=\"wp-block-column is-vertically-aligned-center is-layout-flow wp-block-column-is-layout-flow\" style=\"flex-basis:90%\">\n<p class=\"sk-benefit-title\">C\u00e1 nh\u00e2n h\u00f3a tr\u1ea3i nghi\u1ec7m mua s\u1eafm<\/p>\n<\/div>\n<\/div>\n\n\n\n<p class=\"sk-benefit-content\">N\u1ec1n t\u1ea3ng AI t\u1ed5ng qu\u00e1t c\u1ee7a ch\u00fang t\u00f4i cung c\u1ea5p c\u00e1c \u0111\u1ec1 xu\u1ea5t s\u1ea3n ph\u1ea9m, khuy\u1ebfn m\u00e3i m\u1ed9t c\u00e1ch c\u00f3 ch\u1ee7 \u0111\u00edch c\u00f3 li\u00ean quan d\u1ef1a tr\u00ean d\u1eef li\u1ec7u v\u00e0 s\u1edf th\u00edch c\u1ee7a kh\u00e1ch h\u00e0ng, \u0111\u1ea3m b\u1ea3o r\u1eb1ng nh\u1eefng g\u00ec \u0111\u01b0\u1ee3c \u0111\u1ec1 xu\u1ea5t s\u1ebd lu\u00f4n ph\u00f9 h\u1ee3p v\u1edbi nh\u1eefng g\u00ec m\u00e0 h\u1ecd \u0111ang t\u00ecm ki\u1ebfm.<\/p>\n<\/div>\n\n\n\n<div class=\"wp-block-column is-layout-flow wp-block-column-is-layout-flow\">\n<div class=\"wp-block-columns are-vertically-aligned-center is-not-stacked-on-mobile is-layout-flex wp-container-core-columns-is-layout-33ba964e wp-block-columns-is-layout-flex\">\n<div class=\"wp-block-column is-vertically-aligned-center is-layout-flow wp-container-core-column-is-layout-5eb54af5 wp-block-column-is-layout-flow\" style=\"padding-top:0;padding-right:0;padding-bottom:0;padding-left:0;flex-basis:10%\">\n<figure class=\"wp-block-image alignleft size-full is-resized is-style-rounded\"><img loading=\"lazy\" decoding=\"async\" width=\"24\" height=\"24\" src=\"https:\/\/skalaview.com\/wp-content\/uploads\/2024\/04\/Check.png\" alt=\"\" class=\"wp-image-799\" style=\"object-fit:cover;width:24px;height:24px\" srcset=\"https:\/\/www.skalaview.com\/wp-content\/uploads\/2024\/04\/Check.png 24w, https:\/\/www.skalaview.com\/wp-content\/uploads\/2024\/04\/Check-12x12.png 12w\" sizes=\"(max-width: 24px) 100vw, 24px\" \/><\/figure>\n<\/div>\n\n\n\n<div class=\"wp-block-column is-vertically-aligned-center is-layout-flow wp-block-column-is-layout-flow\" style=\"flex-basis:90%\">\n<p class=\"sk-benefit-title\">C\u00f3 \u0111\u01b0\u1ee3c nh\u1eefng th\u00f4ng tin qu\u00fd b\u00e1u<\/p>\n<\/div>\n<\/div>\n\n\n\n<p class=\"sk-benefit-content\">Truy c\u1eadp c\u00e1c b\u00e1o c\u00e1o to\u00e0n di\u1ec7n v\u1ec1 s\u1edf th\u00edch c\u1ee7a kh\u00e1ch h\u00e0ng, m\u00f4 h\u00ecnh mua h\u00e0ng v\u00e0 ph\u00e2n t\u00edch c\u1ea3m t\u00ednh \u0111\u1ec3 \u0111\u01b0a ra quy\u1ebft \u0111\u1ecbnh d\u1ef1a tr\u00ean d\u1eef li\u1ec7u v\u00e0 t\u1ed1i \u01b0u h\u00f3a chi\u1ebfn l\u01b0\u1ee3c b\u00e1n h\u00e0ng c\u1ee7a b\u1ea1n.<\/p>\n<\/div>\n<\/div>\n\n\n\n<div class=\"wp-block-columns is-layout-flex wp-container-core-columns-is-layout-9cf8123d wp-block-columns-is-layout-flex\">\n<div class=\"wp-block-column is-layout-flow wp-block-column-is-layout-flow\" style=\"flex-basis:50%\">\n<div class=\"wp-block-columns are-vertically-aligned-center is-not-stacked-on-mobile is-layout-flex wp-container-core-columns-is-layout-33ba964e wp-block-columns-is-layout-flex\">\n<div class=\"wp-block-column is-vertically-aligned-center is-layout-flow wp-container-core-column-is-layout-5eb54af5 wp-block-column-is-layout-flow\" style=\"padding-top:0;padding-right:0;padding-bottom:0;padding-left:0;flex-basis:10%\">\n<figure class=\"wp-block-image alignleft size-full is-resized is-style-rounded\"><img loading=\"lazy\" decoding=\"async\" width=\"24\" height=\"24\" src=\"https:\/\/skalaview.com\/wp-content\/uploads\/2024\/04\/Check.png\" alt=\"\" class=\"wp-image-799\" style=\"object-fit:cover;width:24px;height:24px\" srcset=\"https:\/\/www.skalaview.com\/wp-content\/uploads\/2024\/04\/Check.png 24w, https:\/\/www.skalaview.com\/wp-content\/uploads\/2024\/04\/Check-12x12.png 12w\" sizes=\"(max-width: 24px) 100vw, 24px\" \/><\/figure>\n<\/div>\n\n\n\n<div class=\"wp-block-column is-vertically-aligned-center is-layout-flow wp-block-column-is-layout-flow\" style=\"flex-basis:90%\">\n<p class=\"sk-benefit-title\">H\u00e3y tr\u1edf th\u00e0nh \u0111\u1ed1i t\u00e1c v\u1edbi Skalaview<\/p>\n<\/div>\n<\/div>\n\n\n\n<p class=\"sk-benefit-content\">B\u1ea1n \u0111\u00e3 s\u1eb5n s\u00e0ng n\u00e2ng t\u1ea7m ho\u1ea1t \u0111\u1ed9ng kinh doanh b\u00e1n l\u1ebb c\u1ee7a m\u00ecnh v\u1edbi s\u1ee9c m\u1ea1nh c\u1ee7a AI t\u1ed5ng h\u1ee3p ch\u01b0a? H\u1ee3p t\u00e1c v\u1edbi Skalaview ngay h\u00f4m nay v\u00e0 m\u1edf ra v\u00f4 s\u1ed1 c\u01a1 h\u1ed9i. H\u00e3y li\u00ean h\u1ec7 v\u1edbi nh\u00f3m \u0111\u1ed1i t\u00e1c c\u1ee7a ch\u00fang t\u00f4i \u0111\u1ec3 kh\u00e1m ph\u00e1 c\u00e1ch ch\u00fang t\u00f4i c\u00f3 th\u1ec3 gi\u00fap b\u1ea1n \u0111\u1ea1t \u0111\u01b0\u1ee3c m\u1ee5c ti\u00eau b\u00e1n h\u00e0ng v\u00e0 t\u1ea1o ra tr\u1ea3i nghi\u1ec7m tuy\u1ec7t v\u1eddi cho kh\u00e1ch h\u00e0ng c\u1ee7a b\u1ea1n.<\/p>\n<\/div>\n<\/div>\n<\/div><\/div>","protected":false},"excerpt":{"rendered":"","protected":false},"author":2,"featured_media":0,"parent":0,"menu_order":0,"comment_status":"closed","ping_status":"closed","template":"","meta":{"_acf_changed":false,"om_disable_all_campaigns":false,"_monsterinsights_skip_tracking":false,"_monsterinsights_sitenote_active":false,"_monsterinsights_sitenote_note":"","_monsterinsights_sitenote_category":0,"site-sidebar-layout":"default","site-content-layout":"","ast-site-content-layout":"default","site-content-style":"default","site-sidebar-style":"default","ast-global-header-display":"","ast-banner-title-visibility":"","ast-main-header-display":"","ast-hfb-above-header-display":"","ast-hfb-below-header-display":"","ast-hfb-mobile-header-display":"","site-post-title":"disabled","ast-breadcrumbs-content":"","ast-featured-img":"","footer-sml-layout":"","ast-disable-related-posts":"","theme-transparent-header-meta":"","adv-header-id-meta":"","stick-header-meta":"","header-above-stick-meta":"","header-main-stick-meta":"","header-below-stick-meta":"","astra-migrate-meta-layouts":"default","ast-page-background-enabled":"default","ast-page-background-meta":{"desktop":{"background-color":"var(--ast-global-color-4)","background-image":"","background-repeat":"repeat","background-position":"center center","background-size":"auto","background-attachment":"scroll","background-type":"","background-media":"","overlay-type":"","overlay-color":"","overlay-opacity":"","overlay-gradient":""},"tablet":{"background-color":"","background-image":"","background-repeat":"repeat","background-position":"center center","background-size":"auto","background-attachment":"scroll","background-type":"","background-media":"","overlay-type":"","overlay-color":"","overlay-opacity":"","overlay-gradient":""},"mobile":{"background-color":"","background-image":"","background-repeat":"repeat","background-position":"center center","background-size":"auto","background-attachment":"scroll","background-type":"","background-media":"","overlay-type":"","overlay-color":"","overlay-opacity":"","overlay-gradient":""}},"ast-content-background-meta":{"desktop":{"background-color":"var(--ast-global-color-5)","background-image":"","background-repeat":"repeat","background-position":"center center","background-size":"auto","background-attachment":"scroll","background-type":"","background-media":"","overlay-type":"","overlay-color":"","overlay-opacity":"","overlay-gradient":""},"tablet":{"background-color":"var(--ast-global-color-5)","background-image":"","background-repeat":"repeat","background-position":"center center","background-size":"auto","background-attachment":"scroll","background-type":"","background-media":"","overlay-type":"","overlay-color":"","overlay-opacity":"","overlay-gradient":""},"mobile":{"background-color":"var(--ast-global-color-5)","background-image":"","background-repeat":"repeat","background-position":"center center","background-size":"auto","background-attachment":"scroll","background-type":"","background-media":"","overlay-type":"","overlay-color":"","overlay-opacity":"","overlay-gradient":""}},"footnotes":""},"class_list":["post-1230","page","type-page","status-publish","hentry"],"acf":[],"aioseo_notices":[],"_links":{"self":[{"href":"https:\/\/www.skalaview.com\/vi\/wp-json\/wp\/v2\/pages\/1230","targetHints":{"allow":["GET"]}}],"collection":[{"href":"https:\/\/www.skalaview.com\/vi\/wp-json\/wp\/v2\/pages"}],"about":[{"href":"https:\/\/www.skalaview.com\/vi\/wp-json\/wp\/v2\/types\/page"}],"author":[{"embeddable":true,"href":"https:\/\/www.skalaview.com\/vi\/wp-json\/wp\/v2\/users\/2"}],"replies":[{"embeddable":true,"href":"https:\/\/www.skalaview.com\/vi\/wp-json\/wp\/v2\/comments?post=1230"}],"version-history":[{"count":0,"href":"https:\/\/www.skalaview.com\/vi\/wp-json\/wp\/v2\/pages\/1230\/revisions"}],"wp:attachment":[{"href":"https:\/\/www.skalaview.com\/vi\/wp-json\/wp\/v2\/media?parent=1230"}],"curies":[{"name":"wp","href":"https:\/\/api.w.org\/{rel}","templated":true}]}}