{"id":1173,"date":"2024-04-22T04:57:24","date_gmt":"2024-04-22T03:57:24","guid":{"rendered":"https:\/\/skalaview.com\/?page_id=1173"},"modified":"2024-05-08T11:21:54","modified_gmt":"2024-05-08T04:21:54","slug":"ai-insights","status":"publish","type":"page","link":"https:\/\/www.skalaview.com\/vi\/ai-insights\/","title":{"rendered":"B\u00e0i vi\u1ebft v\u1ec1 AI"},"content":{"rendered":"<div class=\"wp-block-cover alignfull is-light\" style=\"padding-top:100px;padding-bottom:100px\"><span aria-hidden=\"true\" class=\"wp-block-cover__background has-ast-global-color-5-background-color has-background-dim-0 has-background-dim\"><\/span><img fetchpriority=\"high\" decoding=\"async\" width=\"2160\" height=\"1352\" class=\"wp-block-cover__image-background wp-image-1263\" alt=\"\" src=\"https:\/\/skalaview.com\/wp-content\/uploads\/2024\/04\/Hero.png\" style=\"object-position:60% 28%\" data-object-fit=\"cover\" data-object-position=\"60% 28%\" srcset=\"https:\/\/www.skalaview.com\/wp-content\/uploads\/2024\/04\/Hero.png 2160w, https:\/\/www.skalaview.com\/wp-content\/uploads\/2024\/04\/Hero-300x188.png 300w, https:\/\/www.skalaview.com\/wp-content\/uploads\/2024\/04\/Hero-1024x641.png 1024w, https:\/\/www.skalaview.com\/wp-content\/uploads\/2024\/04\/Hero-768x481.png 768w, https:\/\/www.skalaview.com\/wp-content\/uploads\/2024\/04\/Hero-1536x961.png 1536w, https:\/\/www.skalaview.com\/wp-content\/uploads\/2024\/04\/Hero-2048x1282.png 2048w, https:\/\/www.skalaview.com\/wp-content\/uploads\/2024\/04\/Hero-18x12.png 18w\" sizes=\"(max-width: 2160px) 100vw, 2160px\" \/><div class=\"wp-block-cover__inner-container is-layout-flow wp-block-cover-is-layout-flow\">\n<div class=\"wp-block-columns is-layout-flex wp-container-core-columns-is-layout-28f84493 wp-block-columns-is-layout-flex\">\n<div class=\"wp-block-column sk-section-1-title is-layout-flow wp-block-column-is-layout-flow\" style=\"flex-basis:75%\">\n<h1 class=\"wp-block-heading sk-section-1-title\"><em class=\"gradient-text-color\">C\u00e1c b\u00e0i vi\u1ebft chuy\u00ean s\u00e2u<\/em> v\u1ec1 c\u00e1c xu h\u01b0\u1edbng m\u1edbi nh\u1ea5t v\u1ec1 AI d\u00e0nh cho ti\u1ebfp th\u1ecb k\u1ef9 thu\u1eadt s\u1ed1 v\u00e0 th\u01b0\u01a1ng m\u1ea1i \u0111i\u1ec7n t\u1eed<\/h1>\n\n\n\n<p class=\"sk-section-1-content\">Ch\u00e0o m\u1eebng b\u1ea1n \u0111\u1ebfn v\u1edbi Blog Skalaview, ngu\u1ed3n t\u00e0i nguy\u00ean h\u1eefu \u00edch c\u1ee7a b\u1ea1n lu\u00f4n \u0111i \u0111\u1ea7u trong vi\u1ec7c c\u1eadp nh\u1eadt nh\u1eefng ti\u1ebfn b\u1ed9 nhanh ch\u00f3ng trong AI t\u1ea1o sinh v\u00e0 nh\u1eefng t\u00e1c \u0111\u1ed9ng mang t\u00ednh bi\u1ebfn \u0111\u1ed5i c\u1ee7a n\u00f3 \u0111\u1ed1i v\u1edbi l\u0129nh v\u1ef1c ti\u1ebfp th\u1ecb k\u1ef9 thu\u1eadt s\u1ed1 v\u00e0 th\u01b0\u01a1ng m\u1ea1i \u0111i\u1ec7n t\u1eed. Nh\u1eefng b\u00e0i vi\u1ebft c\u1ee7a ch\u00fang t\u00f4i s\u1ebd gi\u00fap b\u1ea1n kh\u00e1m ph\u00e1 th\u00eam v\u1ec1 nh\u1eefng \u0111\u1ed9t ph\u00e1 v\u00e0 \u0111\u1ed5i m\u1edbi m\u1edbi nh\u1ea5t trong l\u0129nh v\u1ef1c n\u00e0y, cung c\u1ea5p cho b\u1ea1n nh\u1eefng hi\u1ec3u bi\u1ebft k\u1ecbp th\u1eddi \u0111\u1ec3 gi\u00fap b\u1ea1n khai th\u00e1c s\u1ee9c m\u1ea1nh c\u1ee7a AI t\u1ea1o sinh cho doanh nghi\u1ec7p c\u1ee7a m\u00ecnh. T\u1eeb c\u00e1c m\u00f4 h\u00ecnh ng\u00f4n ng\u1eef ti\u00ean ti\u1ebfn mang t\u00ednh c\u00e1ch m\u1ea1ng h\u00f3a trong vi\u1ec7c t\u1ea1o n\u1ed9i dung cho \u0111\u1ebfn c\u00e1c k\u1ef9 thu\u1eadt t\u1ea1o h\u00ecnh \u1ea3nh v\u00e0 video ti\u00ean ti\u1ebfn gi\u00fap x\u00e1c \u0111\u1ecbnh l\u1ea1i c\u00e1ch k\u1ec3 chuy\u1ec7n b\u1eb1ng h\u00ecnh \u1ea3nh,c\u00e1c b\u00e0i  blog c\u1ee7a ch\u00fang t\u00f4i lu\u00f4n n\u1ed7 l\u1ef1c c\u1eadp nh\u1eadt cho b\u1ea1n v\u1ec1 v\u00f4 s\u1ed1 c\u00e1ch m\u00e0 AI t\u1ea1o sinh \u0111ang \u0111\u1ecbnh h\u00ecnh l\u1ea1i b\u1ed1i c\u1ea3nh k\u1ef9 thu\u1eadt s\u1ed1 ng\u00e0y nay.<\/p>\n<\/div>\n<\/div>\n<\/div><\/div>\n\n\n\n<div class=\"wp-block-cover alignfull is-light has-custom-content-position is-position-top-center d-none\" style=\"padding-top:100px;padding-bottom:100px\"><span aria-hidden=\"true\" class=\"wp-block-cover__background has-ast-global-color-5-background-color has-background-dim-20 has-background-dim\"><\/span><img decoding=\"async\" width=\"2160\" height=\"2376\" class=\"wp-block-cover__image-background wp-image-1260\" alt=\"\" src=\"https:\/\/skalaview.com\/wp-content\/uploads\/2024\/04\/section-1-3.png\" style=\"object-position:50% 46%\" data-object-fit=\"cover\" data-object-position=\"50% 46%\" srcset=\"https:\/\/www.skalaview.com\/wp-content\/uploads\/2024\/04\/section-1-3.png 2160w, https:\/\/www.skalaview.com\/wp-content\/uploads\/2024\/04\/section-1-3-273x300.png 273w, https:\/\/www.skalaview.com\/wp-content\/uploads\/2024\/04\/section-1-3-931x1024.png 931w, https:\/\/www.skalaview.com\/wp-content\/uploads\/2024\/04\/section-1-3-768x845.png 768w, https:\/\/www.skalaview.com\/wp-content\/uploads\/2024\/04\/section-1-3-1396x1536.png 1396w, https:\/\/www.skalaview.com\/wp-content\/uploads\/2024\/04\/section-1-3-1862x2048.png 1862w, https:\/\/www.skalaview.com\/wp-content\/uploads\/2024\/04\/section-1-3-11x12.png 11w\" sizes=\"(max-width: 2160px) 100vw, 2160px\" \/><div class=\"wp-block-cover__inner-container is-layout-flow wp-container-core-cover-is-layout-ce4b5a47 wp-block-cover-is-layout-flow\">\n<h1 class=\"wp-block-heading has-text-align-center sk-section-2-title\">C\u00e1c b\u00e0i vi\u1ebft n\u1ed5i b\u1eadt<\/h1>\n\n\n\n<div class=\"wp-block-columns is-layout-flex wp-container-core-columns-is-layout-28f84493 wp-block-columns-is-layout-flex\">\n<div class=\"wp-block-column is-layout-flow wp-container-core-column-is-layout-343acf9e wp-block-column-is-layout-flow\">\n<figure class=\"wp-block-image alignfull size-large has-custom-border\"><img decoding=\"async\" width=\"1024\" height=\"683\" src=\"http:\/\/skalaview.com\/wp-content\/uploads\/2024\/03\/etienne-beauregard-riverin-48305-unsplash-1024x683.jpg\" alt=\"\" class=\"wp-image-460\" style=\"border-radius:16px\" srcset=\"https:\/\/www.skalaview.com\/wp-content\/uploads\/2024\/03\/etienne-beauregard-riverin-48305-unsplash-1024x683.jpg 1024w, https:\/\/www.skalaview.com\/wp-content\/uploads\/2024\/03\/etienne-beauregard-riverin-48305-unsplash-300x200.jpg 300w, https:\/\/www.skalaview.com\/wp-content\/uploads\/2024\/03\/etienne-beauregard-riverin-48305-unsplash-768x512.jpg 768w, https:\/\/www.skalaview.com\/wp-content\/uploads\/2024\/03\/etienne-beauregard-riverin-48305-unsplash-18x12.jpg 18w, https:\/\/www.skalaview.com\/wp-content\/uploads\/2024\/03\/etienne-beauregard-riverin-48305-unsplash.jpg 1080w\" sizes=\"(max-width: 1024px) 100vw, 1024px\" \/><\/figure>\n\n\n\n<h5 class=\"wp-block-heading sk-article-title\">Ti\u00eau \u0111\u1ec1 b\u00e0i vi\u1ebft<\/h5>\n\n\n\n<p class=\"sk-article-description\">M\u00f4 t\u1ea3 b\u00e0i vi\u1ebft<\/p>\n<\/div>\n\n\n\n<div class=\"wp-block-column is-layout-flow wp-container-core-column-is-layout-343acf9e wp-block-column-is-layout-flow\">\n<figure class=\"wp-block-image alignfull size-large has-custom-border\"><img decoding=\"async\" width=\"1024\" height=\"683\" src=\"http:\/\/skalaview.com\/wp-content\/uploads\/2024\/03\/etienne-beauregard-riverin-48305-unsplash-1024x683.jpg\" alt=\"\" class=\"wp-image-460\" style=\"border-radius:16px\" srcset=\"https:\/\/www.skalaview.com\/wp-content\/uploads\/2024\/03\/etienne-beauregard-riverin-48305-unsplash-1024x683.jpg 1024w, https:\/\/www.skalaview.com\/wp-content\/uploads\/2024\/03\/etienne-beauregard-riverin-48305-unsplash-300x200.jpg 300w, https:\/\/www.skalaview.com\/wp-content\/uploads\/2024\/03\/etienne-beauregard-riverin-48305-unsplash-768x512.jpg 768w, https:\/\/www.skalaview.com\/wp-content\/uploads\/2024\/03\/etienne-beauregard-riverin-48305-unsplash-18x12.jpg 18w, https:\/\/www.skalaview.com\/wp-content\/uploads\/2024\/03\/etienne-beauregard-riverin-48305-unsplash.jpg 1080w\" sizes=\"(max-width: 1024px) 100vw, 1024px\" \/><\/figure>\n\n\n\n<h5 class=\"wp-block-heading sk-article-title\">Ti\u00eau \u0111\u1ec1 b\u00e0i vi\u1ebft<\/h5>\n\n\n\n<p class=\"sk-article-description\">M\u00f4 t\u1ea3 b\u00e0i vi\u1ebft<\/p>\n<\/div>\n\n\n\n<div class=\"wp-block-column is-layout-flow wp-container-core-column-is-layout-343acf9e wp-block-column-is-layout-flow\">\n<figure class=\"wp-block-image alignfull size-large has-custom-border\"><img decoding=\"async\" width=\"1024\" height=\"683\" src=\"http:\/\/skalaview.com\/wp-content\/uploads\/2024\/03\/etienne-beauregard-riverin-48305-unsplash-1024x683.jpg\" alt=\"\" class=\"wp-image-460\" style=\"border-radius:16px\" srcset=\"https:\/\/www.skalaview.com\/wp-content\/uploads\/2024\/03\/etienne-beauregard-riverin-48305-unsplash-1024x683.jpg 1024w, https:\/\/www.skalaview.com\/wp-content\/uploads\/2024\/03\/etienne-beauregard-riverin-48305-unsplash-300x200.jpg 300w, https:\/\/www.skalaview.com\/wp-content\/uploads\/2024\/03\/etienne-beauregard-riverin-48305-unsplash-768x512.jpg 768w, https:\/\/www.skalaview.com\/wp-content\/uploads\/2024\/03\/etienne-beauregard-riverin-48305-unsplash-18x12.jpg 18w, https:\/\/www.skalaview.com\/wp-content\/uploads\/2024\/03\/etienne-beauregard-riverin-48305-unsplash.jpg 1080w\" sizes=\"(max-width: 1024px) 100vw, 1024px\" \/><\/figure>\n\n\n\n<h5 class=\"wp-block-heading sk-article-title\">Ti\u00eau \u0111\u1ec1 b\u00e0i vi\u1ebft<\/h5>\n\n\n\n<p class=\"sk-article-description\">M\u00f4 t\u1ea3 b\u00e0i vi\u1ebft<\/p>\n<\/div>\n<\/div>\n\n\n\n<div class=\"wp-block-columns is-layout-flex wp-container-core-columns-is-layout-28f84493 wp-block-columns-is-layout-flex\">\n<div class=\"wp-block-column is-layout-flow wp-container-core-column-is-layout-343acf9e wp-block-column-is-layout-flow\">\n<figure class=\"wp-block-image alignfull size-large has-custom-border\"><img decoding=\"async\" width=\"1024\" height=\"683\" src=\"http:\/\/skalaview.com\/wp-content\/uploads\/2024\/03\/etienne-beauregard-riverin-48305-unsplash-1024x683.jpg\" alt=\"\" class=\"wp-image-460\" style=\"border-radius:16px\" srcset=\"https:\/\/www.skalaview.com\/wp-content\/uploads\/2024\/03\/etienne-beauregard-riverin-48305-unsplash-1024x683.jpg 1024w, https:\/\/www.skalaview.com\/wp-content\/uploads\/2024\/03\/etienne-beauregard-riverin-48305-unsplash-300x200.jpg 300w, https:\/\/www.skalaview.com\/wp-content\/uploads\/2024\/03\/etienne-beauregard-riverin-48305-unsplash-768x512.jpg 768w, https:\/\/www.skalaview.com\/wp-content\/uploads\/2024\/03\/etienne-beauregard-riverin-48305-unsplash-18x12.jpg 18w, https:\/\/www.skalaview.com\/wp-content\/uploads\/2024\/03\/etienne-beauregard-riverin-48305-unsplash.jpg 1080w\" sizes=\"(max-width: 1024px) 100vw, 1024px\" \/><\/figure>\n\n\n\n<h5 class=\"wp-block-heading sk-article-title\">Ti\u00eau \u0111\u1ec1 b\u00e0i vi\u1ebft<\/h5>\n\n\n\n<p class=\"sk-article-description\">M\u00f4 t\u1ea3 b\u00e0i vi\u1ebft<\/p>\n<\/div>\n\n\n\n<div class=\"wp-block-column is-layout-flow wp-container-core-column-is-layout-343acf9e wp-block-column-is-layout-flow\">\n<figure class=\"wp-block-image alignfull size-large has-custom-border\"><img decoding=\"async\" width=\"1024\" height=\"683\" src=\"http:\/\/skalaview.com\/wp-content\/uploads\/2024\/03\/etienne-beauregard-riverin-48305-unsplash-1024x683.jpg\" alt=\"\" class=\"wp-image-460\" style=\"border-radius:16px\" srcset=\"https:\/\/www.skalaview.com\/wp-content\/uploads\/2024\/03\/etienne-beauregard-riverin-48305-unsplash-1024x683.jpg 1024w, https:\/\/www.skalaview.com\/wp-content\/uploads\/2024\/03\/etienne-beauregard-riverin-48305-unsplash-300x200.jpg 300w, https:\/\/www.skalaview.com\/wp-content\/uploads\/2024\/03\/etienne-beauregard-riverin-48305-unsplash-768x512.jpg 768w, https:\/\/www.skalaview.com\/wp-content\/uploads\/2024\/03\/etienne-beauregard-riverin-48305-unsplash-18x12.jpg 18w, https:\/\/www.skalaview.com\/wp-content\/uploads\/2024\/03\/etienne-beauregard-riverin-48305-unsplash.jpg 1080w\" sizes=\"(max-width: 1024px) 100vw, 1024px\" \/><\/figure>\n\n\n\n<h5 class=\"wp-block-heading sk-article-title\">Ti\u00eau \u0111\u1ec1 b\u00e0i vi\u1ebft<\/h5>\n\n\n\n<p class=\"sk-article-description\">M\u00f4 t\u1ea3 b\u00e0i vi\u1ebft<\/p>\n<\/div>\n\n\n\n<div class=\"wp-block-column is-layout-flow wp-container-core-column-is-layout-343acf9e wp-block-column-is-layout-flow\">\n<figure class=\"wp-block-image alignfull size-large has-custom-border\"><img decoding=\"async\" width=\"1024\" height=\"683\" src=\"http:\/\/skalaview.com\/wp-content\/uploads\/2024\/03\/etienne-beauregard-riverin-48305-unsplash-1024x683.jpg\" alt=\"\" class=\"wp-image-460\" style=\"border-radius:16px\" srcset=\"https:\/\/www.skalaview.com\/wp-content\/uploads\/2024\/03\/etienne-beauregard-riverin-48305-unsplash-1024x683.jpg 1024w, https:\/\/www.skalaview.com\/wp-content\/uploads\/2024\/03\/etienne-beauregard-riverin-48305-unsplash-300x200.jpg 300w, https:\/\/www.skalaview.com\/wp-content\/uploads\/2024\/03\/etienne-beauregard-riverin-48305-unsplash-768x512.jpg 768w, https:\/\/www.skalaview.com\/wp-content\/uploads\/2024\/03\/etienne-beauregard-riverin-48305-unsplash-18x12.jpg 18w, https:\/\/www.skalaview.com\/wp-content\/uploads\/2024\/03\/etienne-beauregard-riverin-48305-unsplash.jpg 1080w\" sizes=\"(max-width: 1024px) 100vw, 1024px\" \/><\/figure>\n\n\n\n<h5 class=\"wp-block-heading sk-article-title\">Ti\u00eau \u0111\u1ec1 b\u00e0i vi\u1ebft<\/h5>\n\n\n\n<p class=\"sk-article-description\">M\u00f4 t\u1ea3 b\u00e0i vi\u1ebft<\/p>\n<\/div>\n<\/div>\n\n\n\n<div class=\"wp-block-buttons alignfull is-content-justification-center is-layout-flex wp-container-core-buttons-is-layout-a89b3969 wp-block-buttons-is-layout-flex\">\n<div class=\"wp-block-button\"><a class=\"wp-block-button__link wp-element-button\" style=\"border-radius:100px;padding-top:10px;padding-right:30px;padding-bottom:10px;padding-left:30px\">Xem th\u00eam<\/a><\/div>\n<\/div>\n<\/div><\/div>\n\n\n\n<div class=\"wp-block-cover alignfull is-light d-none\"><span aria-hidden=\"true\" class=\"wp-block-cover__background has-ast-global-color-5-background-color has-background-dim-10 has-background-dim\"><\/span><img loading=\"lazy\" decoding=\"async\" width=\"2160\" height=\"1029\" class=\"wp-block-cover__image-background wp-image-1261\" alt=\"\" src=\"https:\/\/skalaview.com\/wp-content\/uploads\/2024\/04\/section-2-2.png\" style=\"object-position:39% 37%\" data-object-fit=\"cover\" data-object-position=\"39% 37%\" srcset=\"https:\/\/www.skalaview.com\/wp-content\/uploads\/2024\/04\/section-2-2.png 2160w, https:\/\/www.skalaview.com\/wp-content\/uploads\/2024\/04\/section-2-2-300x143.png 300w, https:\/\/www.skalaview.com\/wp-content\/uploads\/2024\/04\/section-2-2-1024x488.png 1024w, https:\/\/www.skalaview.com\/wp-content\/uploads\/2024\/04\/section-2-2-768x366.png 768w, https:\/\/www.skalaview.com\/wp-content\/uploads\/2024\/04\/section-2-2-1536x732.png 1536w, https:\/\/www.skalaview.com\/wp-content\/uploads\/2024\/04\/section-2-2-2048x976.png 2048w, https:\/\/www.skalaview.com\/wp-content\/uploads\/2024\/04\/section-2-2-18x9.png 18w\" sizes=\"(max-width: 2160px) 100vw, 2160px\" \/><div class=\"wp-block-cover__inner-container is-layout-constrained wp-block-cover-is-layout-constrained\">\n<div class=\"wp-block-columns is-layout-flex wp-container-core-columns-is-layout-01ca06ff wp-block-columns-is-layout-flex\" style=\"padding-top:100px;padding-bottom:100px\">\n<div class=\"wp-block-column is-layout-flow wp-block-column-is-layout-flow\">\n<h1 class=\"wp-block-heading sk-section-3-title\">C\u00e1c ch\u1ee7 \u0111\u1ec1 b\u1ea1n c\u00f3 th\u1ec3 quan t\u00e2m<\/h1>\n<\/div>\n\n\n\n<div class=\"wp-block-column is-layout-flow wp-block-column-is-layout-flow\">\n<h5 class=\"wp-block-heading sk-relative-article\">H\u01b0\u1edbng d\u1eabn s\u1eed d\u1ee5ng HubSpot<\/h5>\n\n\n\n<h5 class=\"wp-block-heading sk-relative-article\">B\u00e0i b\u00e1o v\u1ec1 AI<\/h5>\n\n\n\n<h5 class=\"wp-block-heading sk-relative-article\">C\u00e1c m\u1eb9o h\u1eefu \u00edch<\/h5>\n\n\n\n<h5 class=\"wp-block-heading sk-relative-article\">H\u01b0\u1edbng d\u1eabn s\u1eed d\u1ee5ng HubSpot<\/h5>\n\n\n\n<h5 class=\"wp-block-heading sk-relative-article\">B\u00e0i b\u00e1o v\u1ec1 AI<\/h5>\n\n\n\n<h5 class=\"wp-block-heading sk-relative-article\">C\u00e1c m\u1eb9o h\u1eefu \u00edch<\/h5>\n<\/div>\n<\/div>\n<\/div><\/div>","protected":false},"excerpt":{"rendered":"","protected":false},"author":2,"featured_media":0,"parent":0,"menu_order":0,"comment_status":"closed","ping_status":"closed","template":"","meta":{"_acf_changed":false,"om_disable_all_campaigns":false,"_monsterinsights_skip_tracking":false,"_monsterinsights_sitenote_active":false,"_monsterinsights_sitenote_note":"","_monsterinsights_sitenote_category":0,"site-sidebar-layout":"default","site-content-layout":"","ast-site-content-layout":"default","site-content-style":"default","site-sidebar-style":"default","ast-global-header-display":"","ast-banner-title-visibility":"","ast-main-header-display":"","ast-hfb-above-header-display":"","ast-hfb-below-header-display":"","ast-hfb-mobile-header-display":"","site-post-title":"disabled","ast-breadcrumbs-content":"","ast-featured-img":"","footer-sml-layout":"","ast-disable-related-posts":"","theme-transparent-header-meta":"","adv-header-id-meta":"","stick-header-meta":"","header-above-stick-meta":"","header-main-stick-meta":"","header-below-stick-meta":"","astra-migrate-meta-layouts":"default","ast-page-background-enabled":"default","ast-page-background-meta":{"desktop":{"background-color":"var(--ast-global-color-4)","background-image":"","background-repeat":"repeat","background-position":"center center","background-size":"auto","background-attachment":"scroll","background-type":"","background-media":"","overlay-type":"","overlay-color":"","overlay-opacity":"","overlay-gradient":""},"tablet":{"background-color":"","background-image":"","background-repeat":"repeat","background-position":"center center","background-size":"auto","background-attachment":"scroll","background-type":"","background-media":"","overlay-type":"","overlay-color":"","overlay-opacity":"","overlay-gradient":""},"mobile":{"background-color":"","background-image":"","background-repeat":"repeat","background-position":"center center","background-size":"auto","background-attachment":"scroll","background-type":"","background-media":"","overlay-type":"","overlay-color":"","overlay-opacity":"","overlay-gradient":""}},"ast-content-background-meta":{"desktop":{"background-color":"var(--ast-global-color-5)","background-image":"","background-repeat":"repeat","background-position":"center center","background-size":"auto","background-attachment":"scroll","background-type":"","background-media":"","overlay-type":"","overlay-color":"","overlay-opacity":"","overlay-gradient":""},"tablet":{"background-color":"var(--ast-global-color-5)","background-image":"","background-repeat":"repeat","background-position":"center center","background-size":"auto","background-attachment":"scroll","background-type":"","background-media":"","overlay-type":"","overlay-color":"","overlay-opacity":"","overlay-gradient":""},"mobile":{"background-color":"var(--ast-global-color-5)","background-image":"","background-repeat":"repeat","background-position":"center center","background-size":"auto","background-attachment":"scroll","background-type":"","background-media":"","overlay-type":"","overlay-color":"","overlay-opacity":"","overlay-gradient":""}},"footnotes":""},"class_list":["post-1173","page","type-page","status-publish","hentry"],"acf":[],"aioseo_notices":[],"_links":{"self":[{"href":"https:\/\/www.skalaview.com\/vi\/wp-json\/wp\/v2\/pages\/1173","targetHints":{"allow":["GET"]}}],"collection":[{"href":"https:\/\/www.skalaview.com\/vi\/wp-json\/wp\/v2\/pages"}],"about":[{"href":"https:\/\/www.skalaview.com\/vi\/wp-json\/wp\/v2\/types\/page"}],"author":[{"embeddable":true,"href":"https:\/\/www.skalaview.com\/vi\/wp-json\/wp\/v2\/users\/2"}],"replies":[{"embeddable":true,"href":"https:\/\/www.skalaview.com\/vi\/wp-json\/wp\/v2\/comments?post=1173"}],"version-history":[{"count":0,"href":"https:\/\/www.skalaview.com\/vi\/wp-json\/wp\/v2\/pages\/1173\/revisions"}],"wp:attachment":[{"href":"https:\/\/www.skalaview.com\/vi\/wp-json\/wp\/v2\/media?parent=1173"}],"curies":[{"name":"wp","href":"https:\/\/api.w.org\/{rel}","templated":true}]}}