{"id":1059,"date":"2024-04-22T05:03:39","date_gmt":"2024-04-22T04:03:39","guid":{"rendered":"https:\/\/skalaview.com\/?page_id=1059"},"modified":"2024-08-11T14:52:58","modified_gmt":"2024-08-11T07:52:58","slug":"ai-performance-marketing","status":"publish","type":"page","link":"https:\/\/www.skalaview.com\/vi\/ai-performance-marketing\/","title":{"rendered":"Ti\u1ebfp th\u1ecb hi\u1ec7u su\u1ea5t AI"},"content":{"rendered":"<div class=\"wp-block-cover alignfull is-light\" style=\"padding-top:100px;padding-bottom:100px;min-height:542px;aspect-ratio:unset;\"><span aria-hidden=\"true\" class=\"wp-block-cover__background has-background-dim-100 has-background-dim\" style=\"background-color:#f5f8fe\"><\/span><div class=\"wp-block-cover__inner-container is-layout-constrained wp-block-cover-is-layout-constrained\">\n<div class=\"wp-block-columns is-layout-flex wp-container-core-columns-is-layout-28f84493 wp-block-columns-is-layout-flex\">\n<div class=\"wp-block-column is-layout-flow wp-block-column-is-layout-flow\">\n<h6 class=\"wp-block-heading sk-section-1-pretitle\">T\u1ed5ng quan<\/h6>\n\n\n\n<h1 class=\"wp-block-heading sk-section-1-title\">\u0110\u1ed5i m\u1edbi ti\u1ebfp th\u1ecb k\u1ef9 thu\u1eadt s\u1ed1 v\u00e0 th\u01b0\u01a1ng m\u1ea1i \u0111i\u1ec7n t\u1eed<\/h1>\n\n\n\n<p class=\"sk-section-1-content\">Gi\u1edbi thi\u1ec7u v\u1ec1 n\u1ec1n t\u1ea3ng ti\u00ean ti\u1ebfn c\u1ee7a ch\u00fang t\u00f4i, \u0111\u01b0\u1ee3c thi\u1ebft k\u1ebf \u0111\u1ec3 c\u00e1ch m\u1ea1ng h\u00f3a hi\u1ec7u su\u1ea5t ti\u1ebfp th\u1ecb v\u00e0 th\u01b0\u01a1ng m\u1ea1i \u0111i\u1ec7n t\u1eed cho c\u00e1c th\u01b0\u01a1ng hi\u1ec7u c\u00f3 t\u00ean tu\u1ed5i trong l\u0129nh v\u1ef1c b\u00e1n l\u1ebb.<\/p>\n<\/div>\n\n\n\n<div class=\"wp-block-column is-vertically-aligned-center is-layout-flow wp-block-column-is-layout-flow\">\n<figure class=\"wp-block-image aligncenter size-full\"><img fetchpriority=\"high\" decoding=\"async\" width=\"398\" height=\"392\" src=\"https:\/\/www.skalaview.com\/wp-content\/uploads\/2024\/08\/ai_perf_robot_with_cart_en.png\" alt=\"\" class=\"wp-image-2161\" srcset=\"https:\/\/www.skalaview.com\/wp-content\/uploads\/2024\/08\/ai_perf_robot_with_cart_en.png 398w, https:\/\/www.skalaview.com\/wp-content\/uploads\/2024\/08\/ai_perf_robot_with_cart_en-300x295.png 300w, https:\/\/www.skalaview.com\/wp-content\/uploads\/2024\/08\/ai_perf_robot_with_cart_en-12x12.png 12w\" sizes=\"(max-width: 398px) 100vw, 398px\" \/><\/figure>\n<\/div>\n<\/div>\n<\/div><\/div>\n\n\n\n<div class=\"wp-block-cover alignfull is-light\"><span aria-hidden=\"true\" class=\"wp-block-cover__background has-ast-global-color-5-background-color has-background-dim-0 has-background-dim\"><\/span><img decoding=\"async\" width=\"2160\" height=\"1169\" class=\"wp-block-cover__image-background wp-image-1159\" alt=\"\" src=\"https:\/\/skalaview.com\/wp-content\/uploads\/2024\/04\/section-1-background-1.png\" style=\"object-position:18% 24%\" data-object-fit=\"cover\" data-object-position=\"18% 24%\" srcset=\"https:\/\/www.skalaview.com\/wp-content\/uploads\/2024\/04\/section-1-background-1.png 2160w, https:\/\/www.skalaview.com\/wp-content\/uploads\/2024\/04\/section-1-background-1-300x162.png 300w, https:\/\/www.skalaview.com\/wp-content\/uploads\/2024\/04\/section-1-background-1-1024x554.png 1024w, https:\/\/www.skalaview.com\/wp-content\/uploads\/2024\/04\/section-1-background-1-768x416.png 768w, https:\/\/www.skalaview.com\/wp-content\/uploads\/2024\/04\/section-1-background-1-1536x831.png 1536w, https:\/\/www.skalaview.com\/wp-content\/uploads\/2024\/04\/section-1-background-1-2048x1108.png 2048w, https:\/\/www.skalaview.com\/wp-content\/uploads\/2024\/04\/section-1-background-1-18x10.png 18w\" sizes=\"(max-width: 2160px) 100vw, 2160px\" \/><div class=\"wp-block-cover__inner-container is-layout-constrained wp-block-cover-is-layout-constrained\">\n<h1 class=\"wp-block-heading has-text-align-center sk-section-1-title\">C\u00e1ch ti\u1ebfp c\u1eadn \u0111\u1ed9c \u0111\u00e1o<\/h1>\n\n\n\n<p class=\"sk-section-1-content\" style=\"margin-top:50px;margin-bottom:50px\">\u0110i\u1ec1u g\u00ec l\u00e0m Skalaview kh\u00e1c bi\u1ec7t? \u0110\u00f3 l\u00e0 \u201cthi\u1ebft k\u1ebf t\u00edch h\u1ee3p theo chi\u1ec1u d\u1ecdc\" c\u1ee7a ch\u00fang t\u00f4i, \u0111\u01b0\u1ee3c h\u1ed7 tr\u1ee3 b\u1edfi AI t\u1ea1o sinh. T\u1eeb vi\u1ec7c ph\u00e1t tri\u1ec3n c\u00e1c chi\u1ebfn d\u1ecbch ti\u1ebfp th\u1ecb n\u0103ng \u0111\u1ed9ng cho \u0111\u1ebfn t\u1ed1i \u01b0u h\u00f3a to\u00e0n b\u1ed9 h\u00e0nh tr\u00ecnh th\u01b0\u01a1ng m\u1ea1i \u0111i\u1ec7n t\u1eed, n\u1ed9i dung v\u00e0 tr\u1ea3i nghi\u1ec7m \u0111\u01b0\u1ee3c c\u00e1 nh\u00e2n h\u00f3a do AI t\u1ea1o sinh c\u1ee7a ch\u00fang t\u00f4i t\u1ea1o ra \u0111\u1ea3m b\u1ea3o s\u1ebd khi\u1ebfn qu\u00fd kh\u00e1ch h\u00e0i l\u00f2ng.<\/p>\n\n\n\n<figure class=\"wp-block-image aligncenter size-large is-resized\"><img decoding=\"async\" width=\"1024\" height=\"393\" src=\"http:\/\/skalaview.com\/wp-content\/uploads\/2024\/04\/Unique-Approach_Vie.png\" alt=\"\" class=\"wp-image-1166\" style=\"width:600px\" srcset=\"\" sizes=\"(max-width: 1024px) 100vw, 1024px\" data-srcset=\"\" \/><\/figure>\n<\/div><\/div>\n\n\n\n<div class=\"wp-block-cover alignfull\" style=\"padding-top:100px;padding-bottom:100px\"><span aria-hidden=\"true\" class=\"wp-block-cover__background has-ast-global-color-5-background-color has-background-dim-0 has-background-dim\"><\/span><img loading=\"lazy\" decoding=\"async\" width=\"1440\" height=\"521\" class=\"wp-block-cover__image-background wp-image-1669\" alt=\"\" src=\"https:\/\/skalaview.com\/wp-content\/uploads\/2024\/04\/Collaborative-Model-2.png\" data-object-fit=\"cover\" srcset=\"https:\/\/www.skalaview.com\/wp-content\/uploads\/2024\/04\/Collaborative-Model-2.png 1440w, https:\/\/www.skalaview.com\/wp-content\/uploads\/2024\/04\/Collaborative-Model-2-300x109.png 300w, https:\/\/www.skalaview.com\/wp-content\/uploads\/2024\/04\/Collaborative-Model-2-1024x370.png 1024w, https:\/\/www.skalaview.com\/wp-content\/uploads\/2024\/04\/Collaborative-Model-2-768x278.png 768w, https:\/\/www.skalaview.com\/wp-content\/uploads\/2024\/04\/Collaborative-Model-2-18x7.png 18w\" sizes=\"(max-width: 1440px) 100vw, 1440px\" \/><div class=\"wp-block-cover__inner-container is-layout-flow wp-block-cover-is-layout-flow\">\n<div class=\"wp-block-columns is-layout-flex wp-container-core-columns-is-layout-28f84493 wp-block-columns-is-layout-flex\">\n<div class=\"wp-block-column is-vertically-aligned-center is-layout-flow wp-block-column-is-layout-flow\" style=\"flex-basis:50%\">\n<figure class=\"wp-block-image aligncenter size-full\"><img loading=\"lazy\" decoding=\"async\" width=\"539\" height=\"211\" src=\"https:\/\/skalaview.com\/wp-content\/uploads\/2024\/04\/Collaborative-Model-1.png\" alt=\"\" class=\"wp-image-1662\" srcset=\"https:\/\/www.skalaview.com\/wp-content\/uploads\/2024\/04\/Collaborative-Model-1.png 539w, https:\/\/www.skalaview.com\/wp-content\/uploads\/2024\/04\/Collaborative-Model-1-300x117.png 300w, https:\/\/www.skalaview.com\/wp-content\/uploads\/2024\/04\/Collaborative-Model-1-18x7.png 18w\" sizes=\"(max-width: 539px) 100vw, 539px\" \/><\/figure>\n<\/div>\n\n\n\n<div class=\"wp-block-column is-layout-flow wp-block-column-is-layout-flow\" style=\"flex-basis:40%\">\n<h1 class=\"wp-block-heading sk-section-2-title has-white-color has-text-color has-link-color wp-elements-2c988cc7f776762f2122d639dfd91d0c\">M\u00f4 h\u00ecnh h\u1ee3p t\u00e1c<\/h1>\n\n\n\n<p class=\"sk-section-2-content has-white-color has-text-color has-link-color wp-elements-80f4bc716f6c113b32806326bee7f6e5\">Ch\u00fang t\u00f4i kh\u00f4ng ch\u1ec9 l\u00e0m vi\u1ec7c v\u1edbi c\u00e1c th\u01b0\u01a1ng hi\u1ec7u n\u1ed5i ti\u1ebfng; ch\u00fang t\u00f4i h\u1ee3p t\u00e1c v\u1edbi h\u1ecd \u0111\u1ec3 khai th\u00e1c to\u00e0n b\u1ed9 ti\u1ec1m n\u0103ng c\u1ee7a AI t\u1ea1o sinh. Tr\u1ecdng t\u00e2m c\u1ee7a ch\u00fang t\u00f4i ch\u00ednh l\u00e0 th\u00fac \u0111\u1ea9y t\u0103ng tr\u01b0\u1edfng doanh s\u1ed1 b\u00e1n h\u00e0ng b\u1eb1ng c\u00e1ch t\u1eadn d\u1ee5ng nh\u1eefng ti\u1ebfn b\u1ed9 m\u1edbi nh\u1ea5t trong c\u00f4ng ngh\u1ec7 AI, t\u1eeb ph\u00e2n t\u00edch d\u1ef1 \u0111o\u00e1n \u0111\u1ebfn t\u1ea1o ng\u00f4n ng\u1eef t\u1ef1 nhi\u00ean. Ch\u00fang t\u00f4i kh\u00f4ng ch\u1ec9 \u0111\u00f3n \u0111\u1ea7u xu h\u01b0\u1edbng; ch\u00fang t\u00f4i x\u00e1c \u0111\u1ecbnh n\u00f3 b\u1eb1ng c\u00e1ch li\u00ean t\u1ee5c b\u1ee9c ph\u00e1 nh\u1eefng gi\u1edbi h\u1ea1n v\u1ec1 nh\u1eefng g\u00ec c\u00f3 th\u1ec3 l\u00e0m \u0111\u01b0\u1ee3c v\u1edbi AI t\u1ea1o sinh.<\/p>\n<\/div>\n<\/div>\n<\/div><\/div>\n\n\n\n<div class=\"wp-block-cover alignfull\" style=\"padding-top:100px;padding-bottom:100px\"><span aria-hidden=\"true\" class=\"wp-block-cover__background has-ast-global-color-5-background-color has-background-dim\"><\/span><img loading=\"lazy\" decoding=\"async\" width=\"2160\" height=\"1389\" class=\"wp-block-cover__image-background wp-image-1161\" alt=\"\" src=\"https:\/\/skalaview.com\/wp-content\/uploads\/2024\/04\/section-3.png\" style=\"object-position:73% 61%\" data-object-fit=\"cover\" data-object-position=\"73% 61%\" srcset=\"https:\/\/www.skalaview.com\/wp-content\/uploads\/2024\/04\/section-3.png 2160w, https:\/\/www.skalaview.com\/wp-content\/uploads\/2024\/04\/section-3-300x193.png 300w, https:\/\/www.skalaview.com\/wp-content\/uploads\/2024\/04\/section-3-1024x658.png 1024w, https:\/\/www.skalaview.com\/wp-content\/uploads\/2024\/04\/section-3-768x494.png 768w, https:\/\/www.skalaview.com\/wp-content\/uploads\/2024\/04\/section-3-1536x988.png 1536w, https:\/\/www.skalaview.com\/wp-content\/uploads\/2024\/04\/section-3-2048x1317.png 2048w, https:\/\/www.skalaview.com\/wp-content\/uploads\/2024\/04\/section-3-18x12.png 18w\" sizes=\"(max-width: 2160px) 100vw, 2160px\" \/><div class=\"wp-block-cover__inner-container is-layout-flow wp-block-cover-is-layout-flow\">\n<div class=\"wp-block-columns is-layout-flex wp-container-core-columns-is-layout-28f84493 wp-block-columns-is-layout-flex\">\n<div class=\"wp-block-column is-layout-flow wp-block-column-is-layout-flow\" style=\"flex-basis:50%\">\n<h1 class=\"wp-block-heading sk-section-2-title\">T\u00edch h\u1ee3p li\u1ec1n m\u1ea1ch<\/h1>\n\n\n\n<p class=\"sk-section-2-content\">Tr\u1ecdng t\u00e2m c\u1ee7a n\u1ec1n t\u1ea3ng c\u1ee7a ch\u00fang t\u00f4i l\u00e0 kh\u1ea3 n\u0103ng t\u00edch h\u1ee3p d\u1ec5 d\u00e0ng v\u1edbi c\u00e1c h\u1ec7 th\u1ed1ng v\u00e0 ph\u1ea7n m\u1ec1m hi\u1ec7n c\u00f3 c\u1ee7a b\u1ea1n. Kh\u00f4ng c\u1ea7n \u0111\u1ea1i tu ho\u1eb7c c\u00e0i \u0111\u1eb7t ph\u1ee9c t\u1ea1p, c\u00f4ng ngh\u1ec7 c\u1ee7a ch\u00fang t\u00f4i c\u00f3 th\u1ec3 d\u1ec5 d\u00e0ng t\u01b0\u01a1ng th\u00edch v\u1edbi c\u01a1 s\u1edf h\u1ea1 t\u1ea7ng hi\u1ec7n c\u00f3 c\u1ee7a b\u1ea1n m\u1ed9t c\u00e1ch d\u1ec5 d\u00e0ng, gi\u00fap mang v\u1ec1 l\u1ee3i \u00edch cho vi\u1ec7c kinh doanh c\u1ee7a b\u1ea1n m\u1ed9t c\u00e1ch nhanh ch\u00f3ng v\u00e0 hi\u1ec7u qu\u1ea3.<\/p>\n\n\n\n<p class=\"sk-section-2-content\">Ch\u00fang t\u00f4i hi\u1ec3u s\u1ef1 ph\u1ee9c t\u1ea1p c\u1ee7a h\u1ec7 sinh th\u00e1i k\u1ef9 thu\u1eadt s\u1ed1 v\u00e0 \u0111\u00f3 l\u00e0 l\u00fd do t\u1ea1i sao ch\u00fang t\u00f4i cam k\u1ebft cung c\u1ea5p c\u00e1c gi\u1ea3i ph\u00e1p linh ho\u1ea1t, th\u00e2n thi\u1ec7n v\u1edbi ng\u01b0\u1eddi d\u00f9ng \u0111\u01b0\u1ee3c h\u1ed7 tr\u1ee3 b\u1edfi AI t\u1ea1o sinh. Ch\u00fang t\u00f4i kh\u00f4ng ch\u1ec9 \u0111\u01a1n gi\u1ea3n h\u00f3a qu\u00e1 tr\u00ecnh chuy\u1ec3n \u0111\u1ed5i; ch\u00fang t\u00f4i t\u1ed1i \u0111a h\u00f3a ti\u1ec1m n\u0103ng t\u0103ng tr\u01b0\u1edfng doanh s\u1ed1 b\u00e1n h\u00e0ng v\u00e0 hi\u1ec7u qu\u1ea3 ho\u1ea1t \u0111\u1ed9ng c\u1ee7a b\u1ea1n b\u1eb1ng c\u00e1ch khai th\u00e1c s\u1ee9c m\u1ea1nh c\u1ee7a n\u1ed9i dung \u0111\u1ed9ng, \u0111\u1ec1 xu\u1ea5t \u0111\u01b0\u1ee3c c\u00e1 nh\u00e2n h\u00f3a v\u00e0 t\u1ef1 \u0111\u1ed9ng h\u00f3a th\u00f4ng minh \u0111\u01b0\u1ee3c t\u1ea1o ra b\u1edfi AI c\u1ee7a ch\u00fang t\u00f4i.<\/p>\n<\/div>\n\n\n\n<div class=\"wp-block-column is-vertically-aligned-center is-layout-flow wp-block-column-is-layout-flow\" style=\"flex-basis:50%\">\n<figure class=\"wp-block-image aligncenter size-full\"><img loading=\"lazy\" decoding=\"async\" width=\"500\" height=\"500\" src=\"https:\/\/skalaview.com\/wp-content\/uploads\/2024\/05\/Seamless-Integration.png\" alt=\"\" class=\"wp-image-1720\" srcset=\"https:\/\/www.skalaview.com\/wp-content\/uploads\/2024\/05\/Seamless-Integration.png 500w, https:\/\/www.skalaview.com\/wp-content\/uploads\/2024\/05\/Seamless-Integration-300x300.png 300w, https:\/\/www.skalaview.com\/wp-content\/uploads\/2024\/05\/Seamless-Integration-150x150.png 150w, https:\/\/www.skalaview.com\/wp-content\/uploads\/2024\/05\/Seamless-Integration-12x12.png 12w\" sizes=\"(max-width: 500px) 100vw, 500px\" \/><\/figure>\n<\/div>\n<\/div>\n<\/div><\/div>\n\n\n\n<div class=\"wp-block-cover alignfull\" style=\"padding-top:100px;padding-bottom:100px\"><span aria-hidden=\"true\" class=\"wp-block-cover__background has-background-dim-100 has-background-dim\" style=\"background-color:#2c188e\"><\/span><div class=\"wp-block-cover__inner-container is-layout-flow wp-container-core-cover-is-layout-f32f21b6 wp-block-cover-is-layout-flow\">\n<div class=\"wp-block-columns is-layout-flex wp-container-core-columns-is-layout-28f84493 wp-block-columns-is-layout-flex\">\n<div class=\"wp-block-column is-layout-flow wp-block-column-is-layout-flow\" style=\"flex-basis:100%\">\n<h1 class=\"wp-block-heading has-text-align-center sk-section-4-title has-ast-global-color-5-color has-text-color has-link-color wp-elements-481597ea6fd724744f35598c7f0dfd37\">Th\u00fac \u0111\u1ea9y t\u0103ng tr\u01b0\u1edfng v\u1edbi ch\u00fang t\u00f4i!<\/h1>\n\n\n\n<p class=\"has-text-align-center sk-section-2-content has-ast-global-color-5-color has-text-color has-link-color wp-elements-56376bd438c06c33a69442698209d27b\">B\u1ea1n \u0111\u00e3 s\u1eb5n s\u00e0ng b\u1eaft tay v\u00e0o h\u00e0nh tr\u00ecnh chuy\u1ec3n \u0111\u1ed5i k\u1ef9 thu\u1eadt s\u1ed1 cho doanh nghi\u1ec7p c\u1ee7a b\u1ea1n  ch\u01b0a? N\u1ec1n t\u1ea3ng Ti\u1ebfp th\u1ecb Hi\u1ec7u su\u1ea5t c\u1ee7a Skalaview l\u00e0 t\u1ea5m v\u00e9 d\u1eabn b\u1ea1n \u0111\u1ebfn t\u01b0\u01a1ng lai. Tr\u1ea3i nghi\u1ec7m s\u1ee9c m\u1ea1nh c\u1ee7a AI t\u1ea1o sinh khi n\u00f3 bi\u1ebfn \u0111\u1ed5i chi\u1ebfn l\u01b0\u1ee3c ti\u1ebfp th\u1ecb k\u1ef9 thu\u1eadt s\u1ed1 v\u00e0 th\u01b0\u01a1ng m\u1ea1i \u0111i\u1ec7n t\u1eed c\u1ee7a th\u01b0\u01a1ng hi\u1ec7u c\u1ee7a b\u1ea1n b\u1eb1ng c\u00e1ch t\u1ea1o n\u1ed9i dung h\u1ea5p d\u1eabn, t\u1ed1i \u01b0u h\u00f3a chi\u1ebfn d\u1ecbch v\u00e0 cung c\u1ea5p tr\u1ea3i nghi\u1ec7m \u0111\u01b0\u1ee3c c\u00e1 nh\u00e2n h\u00f3a cho kh\u00e1ch h\u00e0ng c\u1ee7a b\u1ea1n tr\u00ean quy m\u00f4 l\u1edbn. Ch\u00fang ta kh\u00f4ng ch\u1ec9 \u0111\u1ecbnh ngh\u0129a l\u1ea1i ho\u1ea1t \u0111\u1ed9ng b\u00e1n l\u1ebb m\u00e0 c\u00f2n t\u00e1i t\u1ea1o l\u1ea1i n\u00f3 b\u1eb1ng c\u00e1ch s\u1eed d\u1ee5ng s\u1ee9c m\u1ea1nh bi\u1ebfn \u0111\u1ed5i c\u1ee7a AI t\u1ea1o sinh.<\/p>\n\n\n\n<div class=\"wp-block-buttons is-content-justification-center is-layout-flex wp-container-core-buttons-is-layout-a89b3969 wp-block-buttons-is-layout-flex\">\n<div class=\"wp-block-button\"><a class=\"wp-block-button__link has-ast-global-color-5-background-color has-text-color has-background has-link-color wp-element-button\" href=\"https:\/\/skalaview.com\/en\/ai-performance-marketing#\" style=\"border-style:none;border-width:0px;border-radius:32px;color:#1d1e25;padding-top:16px;padding-right:64px;padding-bottom:16px;padding-left:64px\">B\u1eaft \u0111\u1ea7u<\/a><\/div>\n<\/div>\n<\/div>\n<\/div>\n<\/div><\/div>","protected":false},"excerpt":{"rendered":"","protected":false},"author":2,"featured_media":0,"parent":0,"menu_order":0,"comment_status":"closed","ping_status":"closed","template":"","meta":{"_acf_changed":false,"om_disable_all_campaigns":false,"_monsterinsights_skip_tracking":false,"_monsterinsights_sitenote_active":false,"_monsterinsights_sitenote_note":"","_monsterinsights_sitenote_category":0,"site-sidebar-layout":"default","site-content-layout":"","ast-site-content-layout":"default","site-content-style":"default","site-sidebar-style":"default","ast-global-header-display":"","ast-banner-title-visibility":"","ast-main-header-display":"","ast-hfb-above-header-display":"","ast-hfb-below-header-display":"","ast-hfb-mobile-header-display":"","site-post-title":"disabled","ast-breadcrumbs-content":"","ast-featured-img":"","footer-sml-layout":"","ast-disable-related-posts":"","theme-transparent-header-meta":"","adv-header-id-meta":"","stick-header-meta":"","header-above-stick-meta":"","header-main-stick-meta":"","header-below-stick-meta":"","astra-migrate-meta-layouts":"default","ast-page-background-enabled":"default","ast-page-background-meta":{"desktop":{"background-color":"var(--ast-global-color-4)","background-image":"","background-repeat":"repeat","background-position":"center center","background-size":"auto","background-attachment":"scroll","background-type":"","background-media":"","overlay-type":"","overlay-color":"","overlay-opacity":"","overlay-gradient":""},"tablet":{"background-color":"","background-image":"","background-repeat":"repeat","background-position":"center center","background-size":"auto","background-attachment":"scroll","background-type":"","background-media":"","overlay-type":"","overlay-color":"","overlay-opacity":"","overlay-gradient":""},"mobile":{"background-color":"","background-image":"","background-repeat":"repeat","background-position":"center center","background-size":"auto","background-attachment":"scroll","background-type":"","background-media":"","overlay-type":"","overlay-color":"","overlay-opacity":"","overlay-gradient":""}},"ast-content-background-meta":{"desktop":{"background-color":"var(--ast-global-color-5)","background-image":"","background-repeat":"repeat","background-position":"center center","background-size":"auto","background-attachment":"scroll","background-type":"","background-media":"","overlay-type":"","overlay-color":"","overlay-opacity":"","overlay-gradient":""},"tablet":{"background-color":"var(--ast-global-color-5)","background-image":"","background-repeat":"repeat","background-position":"center center","background-size":"auto","background-attachment":"scroll","background-type":"","background-media":"","overlay-type":"","overlay-color":"","overlay-opacity":"","overlay-gradient":""},"mobile":{"background-color":"var(--ast-global-color-5)","background-image":"","background-repeat":"repeat","background-position":"center center","background-size":"auto","background-attachment":"scroll","background-type":"","background-media":"","overlay-type":"","overlay-color":"","overlay-opacity":"","overlay-gradient":""}},"footnotes":""},"class_list":["post-1059","page","type-page","status-publish","hentry"],"acf":[],"aioseo_notices":[],"_links":{"self":[{"href":"https:\/\/www.skalaview.com\/vi\/wp-json\/wp\/v2\/pages\/1059","targetHints":{"allow":["GET"]}}],"collection":[{"href":"https:\/\/www.skalaview.com\/vi\/wp-json\/wp\/v2\/pages"}],"about":[{"href":"https:\/\/www.skalaview.com\/vi\/wp-json\/wp\/v2\/types\/page"}],"author":[{"embeddable":true,"href":"https:\/\/www.skalaview.com\/vi\/wp-json\/wp\/v2\/users\/2"}],"replies":[{"embeddable":true,"href":"https:\/\/www.skalaview.com\/vi\/wp-json\/wp\/v2\/comments?post=1059"}],"version-history":[{"count":2,"href":"https:\/\/www.skalaview.com\/vi\/wp-json\/wp\/v2\/pages\/1059\/revisions"}],"predecessor-version":[{"id":2162,"href":"https:\/\/www.skalaview.com\/vi\/wp-json\/wp\/v2\/pages\/1059\/revisions\/2162"}],"wp:attachment":[{"href":"https:\/\/www.skalaview.com\/vi\/wp-json\/wp\/v2\/media?parent=1059"}],"curies":[{"name":"wp","href":"https:\/\/api.w.org\/{rel}","templated":true}]}}